{"id":1774,"date":"2024-06-07T10:01:53","date_gmt":"2024-06-07T09:01:53","guid":{"rendered":"https:\/\/turismo.amandaroque.net\/?page_id=1774"},"modified":"2024-09-30T15:20:34","modified_gmt":"2024-09-30T14:20:34","slug":"guia-do-aldeao","status":"publish","type":"page","link":"https:\/\/turismo.amandaroque.net\/en\/villager-guide\/","title":{"rendered":"Villager Guide"},"content":{"rendered":"<div class=\"row-imagem-inicial row-imagem-inicial__curta\"\r\n     style=\"background-image: var(--image-gradient), url('https:\/\/turismo.amandaroque.net\/wp-content\/uploads\/2024\/05\/IMG_7926-1920x1280.jpg')\">\r\n    <div class=\"container\">\r\n        <h1><\/h1>\r\n        \r\n    <\/div>\r\n\r\n<\/div>\r\n\r\n\n\n\n<h1 class=\"wp-block-heading has-text-align-center\">Villager Guide: S\u00e3o Br\u00e1s do Regedouro<\/h1>\n\n\n\n<h3 class=\"wp-block-heading has-text-align-center\">Explore the Beauty and Tranquility of Alentejo<\/h3>\n\n\n\n<p class=\"has-text-align-center\">Welcome to Our Village!<br>We are eagerly anticipating your arrival to share the tranquility and beauty of our village.<br>We have prepared this Villager&#8217;s Guide to ensure that your stay is authentic and unforgettable.<\/p>\n\n\n\n<p class=\"has-text-align-center\"><strong>Please read all the information contained herein carefully<\/strong> so that you can enjoy our space and services <br>to the fullest.<\/p>\n\n\n\n<p class=\"has-text-align-center\">We want you to truly feel like part of our community, even if only for a few days.<\/p>\n\n\n<div class=\"container-lg  row-com-imagens posicao-imagens-esquerda row-com-imagens__slider_simples is-slider\">\n    <div class=\"row gx-lg-6\">\n        <div class=\"col-lg-12 align-center texto\">\n            <h2>House Information<\/h2>\n            <div><p class=\"cvGsUA direction-ltr align-justify para-style-body\"><span class=\"OYPEnA text-decoration-none text-strikethrough-none\">Check-in is available between 4 PM and 6 PM, and check-out is until 11 AM. If you need more information, please contact us. Please, let us know your estimated arrival time.<\/span><\/p>\n<p class=\"cvGsUA direction-ltr align-justify para-style-body\"><span class=\"OYPEnA text-decoration-none text-strikethrough-none\">Our houses have stone walls, a typical feature of the village&#8217;s architecture, which may interfere with the Wi-Fi signal. Take this opportunity to disconnect and enjoy the simplicity of the place. The wooden roofs may produce some noises due to temperature variations, but we assure you there are no animals on the roofs.<\/span><\/p>\n<p class=\"cvGsUA direction-ltr align-justify para-style-body\"><span class=\"OYPEnA text-decoration-none text-strikethrough-none\">The courtyards of our houses are interconnected, promoting interaction among guests, just like in a traditional village. Take the opportunity to meet your neighbors and share experiences.<\/span><\/p>\n<p class=\"cvGsUA direction-ltr align-justify para-style-body\"><span class=\"OYPEnA text-decoration-none text-strikethrough-none\">For stays longer than four days, cleaning is done every two days. If you need anything specific or to replace any utensils, please contact reception. We are at your disposal to assist you.<\/span><\/p>\n<p class=\"cvGsUA direction-ltr align-justify para-style-body\"><span class=\"OYPEnA text-decoration-none text-strikethrough-none\">We remind you that your pet is welcome in our village. To ensure everyone&#8217;s safety, we ask that it is always on a leash when outside the house and that you avoid the pool area.<\/span><\/p>\n<\/div>\n                    <\/div>\n        \t\t\t<div class=\"col-lg-12 align-center imagens imagens-slider imagens-slider-simples\">\n\t\t\t\t<div class=\"carousel--main\">\n                    <img loading=\"lazy\" decoding=\"async\" width=\"683\" height=\"1024\" src=\"https:\/\/turismo.amandaroque.net\/wp-content\/uploads\/2024\/04\/009-5-683x1024.jpg\" class=\"attachment-large size-large\" alt=\"\" srcset=\"https:\/\/turismo.amandaroque.net\/wp-content\/uploads\/2024\/04\/009-5-683x1024.jpg 683w, https:\/\/turismo.amandaroque.net\/wp-content\/uploads\/2024\/04\/009-5-200x300.jpg 200w, https:\/\/turismo.amandaroque.net\/wp-content\/uploads\/2024\/04\/009-5-480x720.jpg 480w, https:\/\/turismo.amandaroque.net\/wp-content\/uploads\/2024\/04\/009-5-720x1080.jpg 720w, https:\/\/turismo.amandaroque.net\/wp-content\/uploads\/2024\/04\/009-5.jpg 1365w\" sizes=\"auto, (max-width: 683px) 100vw, 683px\" \/>\t\t\t\t<\/div>\n\t\t\t<\/div>\n\t\t    <\/div>\n<\/div>\n\n\n<div class=\"container-lg  row-com-imagens posicao-imagens-direita row-com-imagens__slider_simples is-slider\">\n    <div class=\"row gx-lg-6\">\n        <div class=\"col-lg-12 align-center texto\">\n            <h2>Choose Your Breakfast<\/h2>\n            <div><p class=\"cvGsUA direction-ltr align-justify para-style-body\"><span class=\"OYPEnA text-decoration-none text-strikethrough-none\">We want your day to start in the best possible way by offering a delicious breakfast delivered directly to your door. Every day, you can select the items you want from our menu and send your choice to the reception by 1 PM the day before.<\/span><\/p>\n<p class=\"cvGsUA direction-ltr align-justify para-style-body\"><span class=\"OYPEnA text-decoration-none text-strikethrough-none\">To contribute to the sustainability of our village, we encourage you to request only what you will consume, helping to avoid food waste.<\/span><\/p>\n<\/div>\n                        <a class=\"btn btn-regedouro-laranja align-center mb-5 mb-md-0\" href=\"https:\/\/drive.google.com\/file\/d\/16OVM23tv_Ye18i5qYHW26SVRRmOQbNQO\/view?usp=share_link\">\n                Breakfast List            <\/a>\n                    <\/div>\n        \t\t\t<div class=\"col-lg-12 align-center imagens imagens-slider imagens-slider-simples\">\n\t\t\t\t<div class=\"carousel--main\">\n                    <img loading=\"lazy\" decoding=\"async\" width=\"1024\" height=\"683\" src=\"https:\/\/turismo.amandaroque.net\/wp-content\/uploads\/2024\/06\/IMG_5089-2-1024x683.jpg\" class=\"attachment-large size-large\" alt=\"\" srcset=\"https:\/\/turismo.amandaroque.net\/wp-content\/uploads\/2024\/06\/IMG_5089-2-1024x683.jpg 1024w, https:\/\/turismo.amandaroque.net\/wp-content\/uploads\/2024\/06\/IMG_5089-2-300x200.jpg 300w, https:\/\/turismo.amandaroque.net\/wp-content\/uploads\/2024\/06\/IMG_5089-2-480x320.jpg 480w, https:\/\/turismo.amandaroque.net\/wp-content\/uploads\/2024\/06\/IMG_5089-2-720x480.jpg 720w, https:\/\/turismo.amandaroque.net\/wp-content\/uploads\/2024\/06\/IMG_5089-2-1440x960.jpg 1440w, https:\/\/turismo.amandaroque.net\/wp-content\/uploads\/2024\/06\/IMG_5089-2-1920x1280.jpg 1920w, https:\/\/turismo.amandaroque.net\/wp-content\/uploads\/2024\/06\/IMG_5089-2.jpg 2048w\" sizes=\"auto, (max-width: 1024px) 100vw, 1024px\" \/>\t\t\t\t<\/div>\n\t\t\t<\/div>\n\t\t    <\/div>\n<\/div>\n\n\n<div class=\"container-lg  row-com-imagens posicao-imagens-esquerda row-com-imagens__slider_simples is-slider\">\n    <div class=\"row gx-lg-6\">\n        <div class=\"col-lg-12 align-center texto\">\n            <h2>Activities You Can&#8217;t Miss<\/h2>\n            <div><p class=\"cvGsUA direction-ltr align-justify para-style-body\"><span class=\"OYPEnA text-decoration-none text-strikethrough-none\">We offer a variety of activities to enrich your stay. Enjoy relaxing afternoons by the pool, explore historical trails, and participate in seasonal activities. We also offer wine and olive oil tasting sessions, as well as traditional Alentejo cooking workshops.<\/span><\/p>\n<p class=\"cvGsUA direction-ltr align-justify para-style-body\"><span class=\"OYPEnA text-decoration-none text-strikethrough-none\">Refer to our Activity Guide for more information and make your reservation with our team. We hope you enjoy every moment to the fullest.<\/span><\/p>\n<\/div>\n                        <a class=\"btn btn-regedouro-laranja align-center mb-5 mb-md-0\" href=\"https:\/\/turismo.amandaroque.net\/wp-content\/uploads\/2024\/09\/Activities-guide-ENG-3.pdf\">\n                Activities Guide            <\/a>\n                    <\/div>\n        \t\t\t<div class=\"col-lg-12 align-center imagens imagens-slider imagens-slider-simples\">\n\t\t\t\t<div class=\"carousel--main\">\n                    <img loading=\"lazy\" decoding=\"async\" width=\"1024\" height=\"704\" src=\"https:\/\/turismo.amandaroque.net\/wp-content\/uploads\/2024\/03\/IMG_6781-e1710849250692-1024x704.jpg\" class=\"attachment-large size-large\" alt=\"\" srcset=\"https:\/\/turismo.amandaroque.net\/wp-content\/uploads\/2024\/03\/IMG_6781-e1710849250692-1024x704.jpg 1024w, https:\/\/turismo.amandaroque.net\/wp-content\/uploads\/2024\/03\/IMG_6781-e1710849250692-300x206.jpg 300w, https:\/\/turismo.amandaroque.net\/wp-content\/uploads\/2024\/03\/IMG_6781-e1710849250692-480x330.jpg 480w, https:\/\/turismo.amandaroque.net\/wp-content\/uploads\/2024\/03\/IMG_6781-e1710849250692-720x495.jpg 720w, https:\/\/turismo.amandaroque.net\/wp-content\/uploads\/2024\/03\/IMG_6781-e1710849250692-1440x990.jpg 1440w, https:\/\/turismo.amandaroque.net\/wp-content\/uploads\/2024\/03\/IMG_6781-e1710849250692-1920x1320.jpg 1920w, https:\/\/turismo.amandaroque.net\/wp-content\/uploads\/2024\/03\/IMG_6781-e1710849250692-768x528.jpg 768w, https:\/\/turismo.amandaroque.net\/wp-content\/uploads\/2024\/03\/IMG_6781-e1710849250692-1536x1056.jpg 1536w, https:\/\/turismo.amandaroque.net\/wp-content\/uploads\/2024\/03\/IMG_6781-e1710849250692.jpg 2024w\" sizes=\"auto, (max-width: 1024px) 100vw, 1024px\" \/>\t\t\t\t<\/div>\n\t\t\t<\/div>\n\t\t    <\/div>\n<\/div>\n\n\n<div class=\"container-lg  row-com-imagens posicao-imagens-direita row-com-imagens__slider_simples is-slider\">\n    <div class=\"row gx-lg-6\">\n        <div class=\"col-lg-12 align-center texto\">\n            <h2>Where to Eat?<\/h2>\n            <div><p><span class=\"OYPEnA text-decoration-none text-strikethrough-none\">Although we do not have a restaurant operating in the village, we offer an excellent Room Service with delicious dishes. <\/span><\/p>\n<p><span class=\"OYPEnA text-decoration-none text-strikethrough-none\">If you prefer an experience in typical regional restaurants, we have partners we can recommend, some of which deliver to the village.<\/span><\/p>\n<\/div>\n                        <a class=\"btn btn-regedouro-laranja align-center mb-5 mb-md-0\" href=\"https:\/\/turismo.amandaroque.net\/wp-content\/uploads\/2024\/09\/Restaurantes-room-service-2.pdf\">\n                Restaurant List            <\/a>\n                    <\/div>\n        \t\t\t<div class=\"col-lg-12 align-center imagens imagens-slider imagens-slider-simples\">\n\t\t\t\t<div class=\"carousel--main\">\n                    <img loading=\"lazy\" decoding=\"async\" width=\"1024\" height=\"683\" src=\"https:\/\/turismo.amandaroque.net\/wp-content\/uploads\/2024\/06\/IMG_6784-1024x683.jpg\" class=\"attachment-large size-large\" alt=\"\" srcset=\"https:\/\/turismo.amandaroque.net\/wp-content\/uploads\/2024\/06\/IMG_6784-1024x683.jpg 1024w, https:\/\/turismo.amandaroque.net\/wp-content\/uploads\/2024\/06\/IMG_6784-300x200.jpg 300w, https:\/\/turismo.amandaroque.net\/wp-content\/uploads\/2024\/06\/IMG_6784-480x320.jpg 480w, https:\/\/turismo.amandaroque.net\/wp-content\/uploads\/2024\/06\/IMG_6784-720x480.jpg 720w, https:\/\/turismo.amandaroque.net\/wp-content\/uploads\/2024\/06\/IMG_6784-1440x960.jpg 1440w, https:\/\/turismo.amandaroque.net\/wp-content\/uploads\/2024\/06\/IMG_6784-1920x1280.jpg 1920w, https:\/\/turismo.amandaroque.net\/wp-content\/uploads\/2024\/06\/IMG_6784.jpg 2048w\" sizes=\"auto, (max-width: 1024px) 100vw, 1024px\" \/>\t\t\t\t<\/div>\n\t\t\t<\/div>\n\t\t    <\/div>\n<\/div>\n\n\n<div class=\"container stacked-images posicao-imagens-esquerda\">\r\n    <div class=\"row gx-lg-6\">\r\n        <div class=\"col-md-12 align-center texto\">\r\n            <h2>Share and Connect<\/h2>\r\n            <div><p class=\"cvGsUA direction-ltr align-justify para-style-body\"><span class=\"OYPEnA text-decoration-none text-strikethrough-none\">We would love to see how you are enjoying your days in the village. Follow us on social media, tag us in your photos, and use the hashtag #SaoBrasDoRegedouro. Your photos might be shared on our social media, as we love to showcase our guests&#8217; experiences. \u2764\ufe0f<\/span><\/p>\n<p class=\"cvGsUA direction-ltr align-justify para-style-body\"><span class=\"OYPEnA text-decoration-none text-strikethrough-none\">Feel like part of our community, even if it&#8217;s just for a few days. Enjoy every moment and live the authentic experience of our village!<\/span><\/p>\n<\/div>\r\n                    <\/div>\r\n        <div class=\"col-md-12 imagens imagens-\">\r\n            <img loading=\"lazy\" decoding=\"async\" width=\"720\" height=\"720\" src=\"https:\/\/turismo.amandaroque.net\/wp-content\/uploads\/2023\/09\/estadias-02-720x720.jpg\" class=\"attachment-md size-md\" alt=\"\" srcset=\"https:\/\/turismo.amandaroque.net\/wp-content\/uploads\/2023\/09\/estadias-02-720x720.jpg 720w, https:\/\/turismo.amandaroque.net\/wp-content\/uploads\/2023\/09\/estadias-02-300x300.jpg 300w, https:\/\/turismo.amandaroque.net\/wp-content\/uploads\/2023\/09\/estadias-02-1024x1024.jpg 1024w, https:\/\/turismo.amandaroque.net\/wp-content\/uploads\/2023\/09\/estadias-02-150x150.jpg 150w, https:\/\/turismo.amandaroque.net\/wp-content\/uploads\/2023\/09\/estadias-02-480x480.jpg 480w, https:\/\/turismo.amandaroque.net\/wp-content\/uploads\/2023\/09\/estadias-02.jpg 1080w\" sizes=\"auto, (max-width: 720px) 100vw, 720px\" \/><img loading=\"lazy\" decoding=\"async\" width=\"720\" height=\"720\" src=\"https:\/\/turismo.amandaroque.net\/wp-content\/uploads\/2023\/09\/estadias-03-720x720.jpg\" class=\"attachment-md size-md\" alt=\"\" srcset=\"https:\/\/turismo.amandaroque.net\/wp-content\/uploads\/2023\/09\/estadias-03-720x720.jpg 720w, https:\/\/turismo.amandaroque.net\/wp-content\/uploads\/2023\/09\/estadias-03-300x300.jpg 300w, https:\/\/turismo.amandaroque.net\/wp-content\/uploads\/2023\/09\/estadias-03-1024x1024.jpg 1024w, https:\/\/turismo.amandaroque.net\/wp-content\/uploads\/2023\/09\/estadias-03-150x150.jpg 150w, https:\/\/turismo.amandaroque.net\/wp-content\/uploads\/2023\/09\/estadias-03-480x480.jpg 480w, https:\/\/turismo.amandaroque.net\/wp-content\/uploads\/2023\/09\/estadias-03.jpg 1080w\" sizes=\"auto, (max-width: 720px) 100vw, 720px\" \/><img loading=\"lazy\" decoding=\"async\" width=\"720\" height=\"720\" src=\"https:\/\/turismo.amandaroque.net\/wp-content\/uploads\/2023\/09\/estadias-720x720.jpg\" class=\"attachment-md size-md\" alt=\"\" srcset=\"https:\/\/turismo.amandaroque.net\/wp-content\/uploads\/2023\/09\/estadias-720x720.jpg 720w, https:\/\/turismo.amandaroque.net\/wp-content\/uploads\/2023\/09\/estadias-300x300.jpg 300w, https:\/\/turismo.amandaroque.net\/wp-content\/uploads\/2023\/09\/estadias-1024x1024.jpg 1024w, https:\/\/turismo.amandaroque.net\/wp-content\/uploads\/2023\/09\/estadias-150x150.jpg 150w, https:\/\/turismo.amandaroque.net\/wp-content\/uploads\/2023\/09\/estadias-480x480.jpg 480w, https:\/\/turismo.amandaroque.net\/wp-content\/uploads\/2023\/09\/estadias.jpg 1080w\" sizes=\"auto, (max-width: 720px) 100vw, 720px\" \/>        <\/div>\r\n    <\/div>\r\n<\/div>","protected":false},"excerpt":{"rendered":"<p>Villager Guide: S\u00e3o Br\u00e1s do Regedouro Explore the Beauty and Tranquility of Alentejo Welcome to Our Village!We are eagerly anticipating &#8230; <a title=\"Villager Guide\" class=\"read-more\" href=\"https:\/\/turismo.amandaroque.net\/en\/villager-guide\/\" aria-label=\"Read more about Villager Guide\">Read more<\/a><\/p>\n","protected":false},"author":1,"featured_media":511,"parent":0,"menu_order":0,"comment_status":"closed","ping_status":"closed","template":"","meta":{"_acf_changed":false,"_joinchat":[],"footnotes":""},"class_list":["post-1774","page","type-page","status-publish","has-post-thumbnail"],"acf":[],"yoast_head":"<!-- This site is optimized with the Yoast SEO plugin v27.3 - https:\/\/yoast.com\/product\/yoast-seo-wordpress\/ -->\n<title>Villager Guide - S\u00e3o Br\u00e1s do Regedouro<\/title>\n<meta name=\"description\" content=\"Descubra tudo o que precisa saber antes de nos visitar, para tornar a sua estadia mais agrad\u00e1vel e confort\u00e1vel!\" \/>\n<meta name=\"robots\" content=\"noindex, follow, max-snippet:-1, max-image-preview:large, max-video-preview:-1\" \/>\n<meta property=\"og:locale\" content=\"en_US\" \/>\n<meta property=\"og:type\" content=\"article\" \/>\n<meta property=\"og:title\" content=\"[:pt]Guia do Alde\u00e3o[:en]Villager Guide[:es]Gu\u00eda del Aldeano[:] - S\u00e3o Br\u00e1s do Regedouro\" \/>\n<meta property=\"og:description\" content=\"Descubra tudo o que precisa saber antes de nos visitar, para tornar a sua estadia mais agrad\u00e1vel e confort\u00e1vel!\" \/>\n<meta property=\"og:url\" content=\"https:\/\/turismo.amandaroque.net\/es\/guia-del-aldeano\/\" \/>\n<meta property=\"og:site_name\" content=\"S\u00e3o Br\u00e1s do Regedouro\" \/>\n<meta property=\"article:publisher\" content=\"https:\/\/www.facebook.com\/saobrasdoregedouro\" \/>\n<meta property=\"article:modified_time\" content=\"2024-09-30T14:20:34+00:00\" \/>\n<meta property=\"og:image\" content=\"https:\/\/turismo.amandaroque.net\/wp-content\/uploads\/2023\/06\/baguinho-e-esposa-e1688565280762.jpg\" \/>\n\t<meta property=\"og:image:width\" content=\"1364\" \/>\n\t<meta property=\"og:image:height\" content=\"709\" \/>\n\t<meta property=\"og:image:type\" content=\"image\/jpeg\" \/>\n<meta name=\"twitter:card\" content=\"summary_large_image\" \/>\n<meta name=\"twitter:label1\" content=\"Est. reading time\" \/>\n\t<meta name=\"twitter:data1\" content=\"1 minute\" \/>\n<script type=\"application\/ld+json\" class=\"yoast-schema-graph\">{\"@context\":\"https:\\\/\\\/schema.org\",\"@graph\":[{\"@type\":\"WebPage\",\"@id\":\"https:\\\/\\\/turismo.amandaroque.net\\\/es\\\/guia-del-aldeano\\\/\",\"url\":\"https:\\\/\\\/turismo.amandaroque.net\\\/es\\\/guia-del-aldeano\\\/\",\"name\":\"[:pt]Guia do Alde\u00e3o[:en]Villager Guide[:es]Gu\u00eda del Aldeano[:] - S\u00e3o Br\u00e1s do Regedouro\",\"isPartOf\":{\"@id\":\"https:\\\/\\\/turismo.amandaroque.net\\\/#website\"},\"primaryImageOfPage\":{\"@id\":\"https:\\\/\\\/turismo.amandaroque.net\\\/es\\\/guia-del-aldeano\\\/#primaryimage\"},\"image\":{\"@id\":\"https:\\\/\\\/turismo.amandaroque.net\\\/es\\\/guia-del-aldeano\\\/#primaryimage\"},\"thumbnailUrl\":\"https:\\\/\\\/turismo.amandaroque.net\\\/wp-content\\\/uploads\\\/2023\\\/06\\\/baguinho-e-esposa-e1688565280762.jpg\",\"datePublished\":\"2024-06-07T09:01:53+00:00\",\"dateModified\":\"2024-09-30T14:20:34+00:00\",\"description\":\"Descubra tudo o que precisa saber antes de nos visitar, para tornar a sua estadia mais agrad\u00e1vel e confort\u00e1vel!\",\"breadcrumb\":{\"@id\":\"https:\\\/\\\/turismo.amandaroque.net\\\/es\\\/guia-del-aldeano\\\/#breadcrumb\"},\"inLanguage\":\"en-US\",\"potentialAction\":[{\"@type\":\"ReadAction\",\"target\":[\"https:\\\/\\\/turismo.amandaroque.net\\\/es\\\/guia-del-aldeano\\\/\"]}]},{\"@type\":\"ImageObject\",\"inLanguage\":\"en-US\",\"@id\":\"https:\\\/\\\/turismo.amandaroque.net\\\/es\\\/guia-del-aldeano\\\/#primaryimage\",\"url\":\"https:\\\/\\\/turismo.amandaroque.net\\\/wp-content\\\/uploads\\\/2023\\\/06\\\/baguinho-e-esposa-e1688565280762.jpg\",\"contentUrl\":\"https:\\\/\\\/turismo.amandaroque.net\\\/wp-content\\\/uploads\\\/2023\\\/06\\\/baguinho-e-esposa-e1688565280762.jpg\",\"width\":1364,\"height\":709},{\"@type\":\"BreadcrumbList\",\"@id\":\"https:\\\/\\\/turismo.amandaroque.net\\\/es\\\/guia-del-aldeano\\\/#breadcrumb\",\"itemListElement\":[{\"@type\":\"ListItem\",\"position\":1,\"name\":\"Home\",\"item\":\"https:\\\/\\\/turismo.amandaroque.net\\\/\"},{\"@type\":\"ListItem\",\"position\":2,\"name\":\"Gu\u00eda del Aldeano\"}]},{\"@type\":\"WebSite\",\"@id\":\"https:\\\/\\\/turismo.amandaroque.net\\\/#website\",\"url\":\"https:\\\/\\\/turismo.amandaroque.net\\\/\",\"name\":\"S\u00e3o Br\u00e1s do Regedouro - Turismo na Aldeia\",\"description\":\"Turismo na Aldeia\",\"publisher\":{\"@id\":\"https:\\\/\\\/turismo.amandaroque.net\\\/#organization\"},\"potentialAction\":[{\"@type\":\"SearchAction\",\"target\":{\"@type\":\"EntryPoint\",\"urlTemplate\":\"https:\\\/\\\/turismo.amandaroque.net\\\/?s={search_term_string}\"},\"query-input\":{\"@type\":\"PropertyValueSpecification\",\"valueRequired\":true,\"valueName\":\"search_term_string\"}}],\"inLanguage\":\"en-US\"},{\"@type\":\"Organization\",\"@id\":\"https:\\\/\\\/turismo.amandaroque.net\\\/#organization\",\"name\":\"S\u00e3o Br\u00e1s do Regedouro - Turismo na Aldeia\",\"url\":\"https:\\\/\\\/turismo.amandaroque.net\\\/\",\"logo\":{\"@type\":\"ImageObject\",\"inLanguage\":\"en-US\",\"@id\":\"https:\\\/\\\/turismo.amandaroque.net\\\/#\\\/schema\\\/logo\\\/image\\\/\",\"url\":\"https:\\\/\\\/turismo.amandaroque.net\\\/wp-content\\\/uploads\\\/2023\\\/06\\\/cropped-Horizontal_Azul-1.png\",\"contentUrl\":\"https:\\\/\\\/turismo.amandaroque.net\\\/wp-content\\\/uploads\\\/2023\\\/06\\\/cropped-Horizontal_Azul-1.png\",\"width\":512,\"height\":512,\"caption\":\"S\u00e3o Br\u00e1s do Regedouro - Turismo na Aldeia\"},\"image\":{\"@id\":\"https:\\\/\\\/turismo.amandaroque.net\\\/#\\\/schema\\\/logo\\\/image\\\/\"},\"sameAs\":[\"https:\\\/\\\/www.facebook.com\\\/saobrasdoregedouro\",\"https:\\\/\\\/www.instagram.com\\\/saobrasdoregedouro\\\/\"]}]}<\/script>\n<!-- \/ Yoast SEO plugin. -->","yoast_head_json":{"title":"[:pt]Guia do Alde\u00e3o[:en]Villager Guide[:es]Gu\u00eda del Aldeano[:] - S\u00e3o Br\u00e1s do Regedouro","description":"Descubra tudo o que precisa saber antes de nos visitar, para tornar a sua estadia mais agrad\u00e1vel e confort\u00e1vel!","robots":{"index":"noindex","follow":"follow","max-snippet":"max-snippet:-1","max-image-preview":"max-image-preview:large","max-video-preview":"max-video-preview:-1"},"og_locale":"en_US","og_type":"article","og_title":"[:pt]Guia do Alde\u00e3o[:en]Villager Guide[:es]Gu\u00eda del Aldeano[:] - S\u00e3o Br\u00e1s do Regedouro","og_description":"Descubra tudo o que precisa saber antes de nos visitar, para tornar a sua estadia mais agrad\u00e1vel e confort\u00e1vel!","og_url":"https:\/\/turismo.amandaroque.net\/es\/guia-del-aldeano\/","og_site_name":"S\u00e3o Br\u00e1s do Regedouro","article_publisher":"https:\/\/www.facebook.com\/saobrasdoregedouro","article_modified_time":"2024-09-30T14:20:34+00:00","og_image":[{"width":1364,"height":709,"url":"https:\/\/turismo.amandaroque.net\/wp-content\/uploads\/2023\/06\/baguinho-e-esposa-e1688565280762.jpg","type":"image\/jpeg"}],"twitter_card":"summary_large_image","twitter_misc":{"Est. reading time":"1 minute"},"schema":{"@context":"https:\/\/schema.org","@graph":[{"@type":"WebPage","@id":"https:\/\/turismo.amandaroque.net\/es\/guia-del-aldeano\/","url":"https:\/\/turismo.amandaroque.net\/es\/guia-del-aldeano\/","name":"[:pt]Guia do Alde\u00e3o[:en]Villager Guide[:es]Gu\u00eda del Aldeano[:] - S\u00e3o Br\u00e1s do Regedouro","isPartOf":{"@id":"https:\/\/turismo.amandaroque.net\/#website"},"primaryImageOfPage":{"@id":"https:\/\/turismo.amandaroque.net\/es\/guia-del-aldeano\/#primaryimage"},"image":{"@id":"https:\/\/turismo.amandaroque.net\/es\/guia-del-aldeano\/#primaryimage"},"thumbnailUrl":"https:\/\/turismo.amandaroque.net\/wp-content\/uploads\/2023\/06\/baguinho-e-esposa-e1688565280762.jpg","datePublished":"2024-06-07T09:01:53+00:00","dateModified":"2024-09-30T14:20:34+00:00","description":"Descubra tudo o que precisa saber antes de nos visitar, para tornar a sua estadia mais agrad\u00e1vel e confort\u00e1vel!","breadcrumb":{"@id":"https:\/\/turismo.amandaroque.net\/es\/guia-del-aldeano\/#breadcrumb"},"inLanguage":"en-US","potentialAction":[{"@type":"ReadAction","target":["https:\/\/turismo.amandaroque.net\/es\/guia-del-aldeano\/"]}]},{"@type":"ImageObject","inLanguage":"en-US","@id":"https:\/\/turismo.amandaroque.net\/es\/guia-del-aldeano\/#primaryimage","url":"https:\/\/turismo.amandaroque.net\/wp-content\/uploads\/2023\/06\/baguinho-e-esposa-e1688565280762.jpg","contentUrl":"https:\/\/turismo.amandaroque.net\/wp-content\/uploads\/2023\/06\/baguinho-e-esposa-e1688565280762.jpg","width":1364,"height":709},{"@type":"BreadcrumbList","@id":"https:\/\/turismo.amandaroque.net\/es\/guia-del-aldeano\/#breadcrumb","itemListElement":[{"@type":"ListItem","position":1,"name":"Home","item":"https:\/\/turismo.amandaroque.net\/"},{"@type":"ListItem","position":2,"name":"Gu\u00eda del Aldeano"}]},{"@type":"WebSite","@id":"https:\/\/turismo.amandaroque.net\/#website","url":"https:\/\/turismo.amandaroque.net\/","name":"S\u00e3o Br\u00e1s do Regedouro - Turismo na Aldeia","description":"Turismo na Aldeia","publisher":{"@id":"https:\/\/turismo.amandaroque.net\/#organization"},"potentialAction":[{"@type":"SearchAction","target":{"@type":"EntryPoint","urlTemplate":"https:\/\/turismo.amandaroque.net\/?s={search_term_string}"},"query-input":{"@type":"PropertyValueSpecification","valueRequired":true,"valueName":"search_term_string"}}],"inLanguage":"en-US"},{"@type":"Organization","@id":"https:\/\/turismo.amandaroque.net\/#organization","name":"S\u00e3o Br\u00e1s do Regedouro - Turismo na Aldeia","url":"https:\/\/turismo.amandaroque.net\/","logo":{"@type":"ImageObject","inLanguage":"en-US","@id":"https:\/\/turismo.amandaroque.net\/#\/schema\/logo\/image\/","url":"https:\/\/turismo.amandaroque.net\/wp-content\/uploads\/2023\/06\/cropped-Horizontal_Azul-1.png","contentUrl":"https:\/\/turismo.amandaroque.net\/wp-content\/uploads\/2023\/06\/cropped-Horizontal_Azul-1.png","width":512,"height":512,"caption":"S\u00e3o Br\u00e1s do Regedouro - Turismo na Aldeia"},"image":{"@id":"https:\/\/turismo.amandaroque.net\/#\/schema\/logo\/image\/"},"sameAs":["https:\/\/www.facebook.com\/saobrasdoregedouro","https:\/\/www.instagram.com\/saobrasdoregedouro\/"]}]}},"_links":{"self":[{"href":"https:\/\/turismo.amandaroque.net\/en\/wp-json\/wp\/v2\/pages\/1774","targetHints":{"allow":["GET"]}}],"collection":[{"href":"https:\/\/turismo.amandaroque.net\/en\/wp-json\/wp\/v2\/pages"}],"about":[{"href":"https:\/\/turismo.amandaroque.net\/en\/wp-json\/wp\/v2\/types\/page"}],"author":[{"embeddable":true,"href":"https:\/\/turismo.amandaroque.net\/en\/wp-json\/wp\/v2\/users\/1"}],"replies":[{"embeddable":true,"href":"https:\/\/turismo.amandaroque.net\/en\/wp-json\/wp\/v2\/comments?post=1774"}],"version-history":[{"count":93,"href":"https:\/\/turismo.amandaroque.net\/en\/wp-json\/wp\/v2\/pages\/1774\/revisions"}],"predecessor-version":[{"id":2127,"href":"https:\/\/turismo.amandaroque.net\/en\/wp-json\/wp\/v2\/pages\/1774\/revisions\/2127"}],"wp:featuredmedia":[{"embeddable":true,"href":"https:\/\/turismo.amandaroque.net\/en\/wp-json\/wp\/v2\/media\/511"}],"wp:attachment":[{"href":"https:\/\/turismo.amandaroque.net\/en\/wp-json\/wp\/v2\/media?parent=1774"}],"curies":[{"name":"wp","href":"https:\/\/api.w.org\/{rel}","templated":true}]}}