{"id":996,"date":"2023-11-07T13:06:56","date_gmt":"2023-11-07T13:06:56","guid":{"rendered":"https:\/\/turismo.amandaroque.net\/?page_id=996"},"modified":"2024-05-13T16:29:00","modified_gmt":"2024-05-13T15:29:00","slug":"press-release","status":"publish","type":"page","link":"https:\/\/turismo.amandaroque.net\/en\/press-release\/","title":{"rendered":"Press release"},"content":{"rendered":"<div class=\"row-imagem-inicial row-imagem-inicial__curta\"\r\n     style=\"background-image: var(--image-gradient), url('https:\/\/turismo.amandaroque.net\/wp-content\/uploads\/2023\/06\/t1-017-scaled.jpg')\">\r\n    <div class=\"container\">\r\n        <h1><\/h1>\r\n        \r\n    <\/div>\r\n\r\n<\/div>\r\n\r\n\n\n<div class=\"container-lg  row-com-imagens posicao-imagens-direita row-com-imagens__slider_simples is-slider\">\n    <div class=\"row gx-lg-6\">\n        <div class=\"col-lg-12 align-center texto\">\n            <h2>Um novo alojamento no Interior Alentejano!<\/h2>\n            <div><p class=\"p1\">S\u00e3o Br\u00e1s do Regedouro \u00e9 uma antiga e importante aldeia hist\u00f3rica no cora\u00e7\u00e3o do Alentejo! Aqui passou a &#8220;Via&#8221; entre a capital da Lusit\u00e2nia e o Porto Atl\u00e2ntico de Sal\u00e1tia. Aqui passou a &#8220;Estrada dos Almocreves&#8221; usada por aqueles que, noutros tempos, desejavam viajar de \u00c9vora at\u00e9 Alc\u00e1cer do Sal.<\/p>\n<p class=\"p1\">O alojamento nasceu em 2019 de um passeio em fam\u00edlia, no qual o Sr. Vitor Estrela (pai) e os seus filhos (Ricardo, Margarida e Carlos) vislumbraram a oportunidade de elevar esta regi\u00e3o pouco conhecida, promovendo a\u00a0<b>sustentabilidade e o desenvolvimento econ\u00f3mico\u00a0<\/b>deste\u00a0<b>local de beleza deslumbrante e habitantes cativantes.<\/b><\/p>\n<p><span>S\u00e3o Br\u00e1s do Regedouro &#8211; Turismo na Aldeia \u00e9 um espa\u00e7o \u00fanico, a apenas 20 km da cidade de \u00c9vora, Patrim\u00f3nio Mundial da UNESCO, e a 140 km de Lisboa e do Aeroporto Humberto Delgado. \u00c9 um\u00a0<\/span><b><span>local que oferece serenidade e a partilha de hist\u00f3rias,\u00a0<\/span><\/b><span>num mundo cada vez mais \u00e1vido de respostas e intera\u00e7\u00f5es r\u00e1pidas e rasas. S\u00e3o Br\u00e1s do Regedouro mostra-nos que ainda \u00e9 poss\u00edvel\u00a0<\/span><b><span>desconectar-se da agita\u00e7\u00e3o das grandes cidades e reconectar-se com a natureza, os mais velhos e consigo mesmo.\u00a0<\/span><\/b><span>Aqui, aspira-se a viajar no tempo, na cultura, na arquitetura e na gastronomia desta regi\u00e3o. Em S\u00e3o Br\u00e1s do Regedouro &#8211; Turismo na Aldeia, preserva-se a autenticidade do folclore alentejano, respeitando a estrutura social dos seus cerca de 75 habitantes enquanto se reabilitam espa\u00e7os e tradi\u00e7\u00f5es.<\/span><\/p>\n<\/div>\n                    <\/div>\n        \t\t\t<div class=\"col-lg-12 align-center imagens imagens-slider imagens-slider-simples\">\n\t\t\t\t<div class=\"carousel--main\">\n                    <img loading=\"lazy\" decoding=\"async\" width=\"1024\" height=\"683\" src=\"https:\/\/turismo.amandaroque.net\/wp-content\/uploads\/2023\/11\/IMG_5008-1024x683.jpg\" class=\"attachment-large size-large\" alt=\"Alojamento no Alentejo\" srcset=\"https:\/\/turismo.amandaroque.net\/wp-content\/uploads\/2023\/11\/IMG_5008-1024x683.jpg 1024w, https:\/\/turismo.amandaroque.net\/wp-content\/uploads\/2023\/11\/IMG_5008-300x200.jpg 300w, https:\/\/turismo.amandaroque.net\/wp-content\/uploads\/2023\/11\/IMG_5008-480x320.jpg 480w, https:\/\/turismo.amandaroque.net\/wp-content\/uploads\/2023\/11\/IMG_5008-720x480.jpg 720w, https:\/\/turismo.amandaroque.net\/wp-content\/uploads\/2023\/11\/IMG_5008-1440x960.jpg 1440w, https:\/\/turismo.amandaroque.net\/wp-content\/uploads\/2023\/11\/IMG_5008-1920x1280.jpg 1920w, https:\/\/turismo.amandaroque.net\/wp-content\/uploads\/2023\/11\/IMG_5008.jpg 2048w\" sizes=\"auto, (max-width: 1024px) 100vw, 1024px\" \/>\t\t\t\t<\/div>\n\t\t\t<\/div>\n\t\t    <\/div>\n<\/div>\n\n\n<div class=\"container-lg  row-com-imagens posicao-imagens-esquerda row-com-imagens__slider_simples is-slider\">\n    <div class=\"row gx-lg-6\">\n        <div class=\"col-lg-12 align-center texto\">\n            <h2><\/h2>\n            <div><p>Aos h\u00f3spedes \u00e9 oferecida uma\u00a0<b>experi\u00eancia imersiva no Alentejo<\/b>, atrav\u00e9s do contacto privilegiado com os que ali vivem. Essa hospitalidade, o esp\u00edrito de comunidade que se sente entre vizinhos de uma comunidade pequena e acolhedora e os visitantes da aldeia est\u00e3o na base do projeto de S\u00e3o Br\u00e1s do Regedouro \u2013 Turismo na Aldeia. Apostando no\u00a0<b>conceito de charme rural<\/b>, S\u00e3o Br\u00e1s do Regedouro &#8211; Turismo na Aldeia oferece a possibilidade de\u00a0<b>desfrutar de uma variedade de servi\u00e7os personalizados,<\/b>\u00a0de acordo com a vontade de cada um, convidando a novas\u00a0<b>experi\u00eancias, onde se unem as tradi\u00e7\u00f5es alentejanas \u00e0 vontade de aventura e momentos bem passados.<\/b>\u00a0Por isso, disponibilizamos um conjunto de atividades que nos fazem esquecer a agita\u00e7\u00e3o dos dias.<\/p>\n<p class=\"p1\">Tudo acontece nas\u00a0<b>15 casas integradas<\/b>\u00a0na aldeia, cada uma com\u00a0<b>caracter\u00edsticas \u00fanicas e pequenos detalhes de constru\u00e7\u00e3o antiga,<\/b>\u00a0que, em combina\u00e7\u00e3o com pe\u00e7as de artes\u00e3os locais, resultaram em\u00a0<b>apartamentos com \u00e1reas entre os 35m2 e os 80m2\u00a0<\/b>(T0, T1 e T2). Com capacidade para 45 pessoas, entre adultos e crian\u00e7as, e adaptado para receber pessoas com mobilidade reduzida, o local conta com uma\u00a0<b>rece\u00e7\u00e3o, piscina, esplanada, \u00e1reas ao ar livre, um encantador forno a lenha, zona de massagens, duas salas para eventos e um museu no centro<\/b>\u00a0da aldeia chamado &#8220;Cabanas da Mem\u00f3ria&#8221;, que mant\u00e9m vivas as tradi\u00e7\u00f5es populares e hist\u00f3rias tradicionais de S\u00e3o Br\u00e1s do Regedouro.<\/p>\n<\/div>\n                    <\/div>\n        \t\t\t<div class=\"col-lg-12 align-center imagens imagens-slider imagens-slider-simples\">\n\t\t\t\t<div class=\"carousel--main\">\n                    <img loading=\"lazy\" decoding=\"async\" width=\"1024\" height=\"683\" src=\"https:\/\/turismo.amandaroque.net\/wp-content\/uploads\/2023\/11\/IMG_5020-1024x683.jpg\" class=\"attachment-large size-large\" alt=\"\" srcset=\"https:\/\/turismo.amandaroque.net\/wp-content\/uploads\/2023\/11\/IMG_5020-1024x683.jpg 1024w, https:\/\/turismo.amandaroque.net\/wp-content\/uploads\/2023\/11\/IMG_5020-300x200.jpg 300w, https:\/\/turismo.amandaroque.net\/wp-content\/uploads\/2023\/11\/IMG_5020-480x320.jpg 480w, https:\/\/turismo.amandaroque.net\/wp-content\/uploads\/2023\/11\/IMG_5020-720x480.jpg 720w, https:\/\/turismo.amandaroque.net\/wp-content\/uploads\/2023\/11\/IMG_5020-1440x960.jpg 1440w, https:\/\/turismo.amandaroque.net\/wp-content\/uploads\/2023\/11\/IMG_5020-1920x1280.jpg 1920w, https:\/\/turismo.amandaroque.net\/wp-content\/uploads\/2023\/11\/IMG_5020.jpg 2048w\" sizes=\"auto, (max-width: 1024px) 100vw, 1024px\" \/><img loading=\"lazy\" decoding=\"async\" width=\"1024\" height=\"683\" src=\"https:\/\/turismo.amandaroque.net\/wp-content\/uploads\/2023\/11\/IMG_5026-1024x683.jpg\" class=\"attachment-large size-large\" alt=\"\" srcset=\"https:\/\/turismo.amandaroque.net\/wp-content\/uploads\/2023\/11\/IMG_5026-1024x683.jpg 1024w, https:\/\/turismo.amandaroque.net\/wp-content\/uploads\/2023\/11\/IMG_5026-300x200.jpg 300w, https:\/\/turismo.amandaroque.net\/wp-content\/uploads\/2023\/11\/IMG_5026-480x320.jpg 480w, https:\/\/turismo.amandaroque.net\/wp-content\/uploads\/2023\/11\/IMG_5026-720x480.jpg 720w, https:\/\/turismo.amandaroque.net\/wp-content\/uploads\/2023\/11\/IMG_5026-1440x960.jpg 1440w, https:\/\/turismo.amandaroque.net\/wp-content\/uploads\/2023\/11\/IMG_5026-1920x1280.jpg 1920w, https:\/\/turismo.amandaroque.net\/wp-content\/uploads\/2023\/11\/IMG_5026.jpg 2048w\" sizes=\"auto, (max-width: 1024px) 100vw, 1024px\" \/><img loading=\"lazy\" decoding=\"async\" width=\"683\" height=\"1024\" src=\"https:\/\/turismo.amandaroque.net\/wp-content\/uploads\/2023\/11\/IMG_5092-683x1024.jpg\" class=\"attachment-large size-large\" alt=\"\" srcset=\"https:\/\/turismo.amandaroque.net\/wp-content\/uploads\/2023\/11\/IMG_5092-683x1024.jpg 683w, https:\/\/turismo.amandaroque.net\/wp-content\/uploads\/2023\/11\/IMG_5092-200x300.jpg 200w, https:\/\/turismo.amandaroque.net\/wp-content\/uploads\/2023\/11\/IMG_5092-480x720.jpg 480w, https:\/\/turismo.amandaroque.net\/wp-content\/uploads\/2023\/11\/IMG_5092-720x1080.jpg 720w, https:\/\/turismo.amandaroque.net\/wp-content\/uploads\/2023\/11\/IMG_5092.jpg 1365w\" sizes=\"auto, (max-width: 683px) 100vw, 683px\" \/><img loading=\"lazy\" decoding=\"async\" width=\"1024\" height=\"683\" src=\"https:\/\/turismo.amandaroque.net\/wp-content\/uploads\/2023\/06\/t1-015-1024x683.jpg\" class=\"attachment-large size-large\" alt=\"Alojamento - t1-quarto detalhe em macrame\" srcset=\"https:\/\/turismo.amandaroque.net\/wp-content\/uploads\/2023\/06\/t1-015-1024x683.jpg 1024w, https:\/\/turismo.amandaroque.net\/wp-content\/uploads\/2023\/06\/t1-015-300x200.jpg 300w, https:\/\/turismo.amandaroque.net\/wp-content\/uploads\/2023\/06\/t1-015-768x512.jpg 768w, https:\/\/turismo.amandaroque.net\/wp-content\/uploads\/2023\/06\/t1-015-1536x1024.jpg 1536w, https:\/\/turismo.amandaroque.net\/wp-content\/uploads\/2023\/06\/t1-015-2048x1365.jpg 2048w\" sizes=\"auto, (max-width: 1024px) 100vw, 1024px\" \/><img loading=\"lazy\" decoding=\"async\" width=\"1024\" height=\"683\" src=\"https:\/\/turismo.amandaroque.net\/wp-content\/uploads\/2023\/06\/t1-028-1024x683.jpg\" class=\"attachment-large size-large\" alt=\"Alojamento - t1-quarto com cabideiro\" srcset=\"https:\/\/turismo.amandaroque.net\/wp-content\/uploads\/2023\/06\/t1-028-1024x683.jpg 1024w, https:\/\/turismo.amandaroque.net\/wp-content\/uploads\/2023\/06\/t1-028-300x200.jpg 300w, https:\/\/turismo.amandaroque.net\/wp-content\/uploads\/2023\/06\/t1-028-768x512.jpg 768w, https:\/\/turismo.amandaroque.net\/wp-content\/uploads\/2023\/06\/t1-028-1536x1024.jpg 1536w, https:\/\/turismo.amandaroque.net\/wp-content\/uploads\/2023\/06\/t1-028-2048x1365.jpg 2048w\" sizes=\"auto, (max-width: 1024px) 100vw, 1024px\" \/><img loading=\"lazy\" decoding=\"async\" width=\"683\" height=\"1024\" src=\"https:\/\/turismo.amandaroque.net\/wp-content\/uploads\/2023\/06\/t2-001-683x1024.jpg\" class=\"attachment-large size-large\" alt=\"Alojamento - t2-poltrona verde com lumin\u00e1ria em madeira\" srcset=\"https:\/\/turismo.amandaroque.net\/wp-content\/uploads\/2023\/06\/t2-001-683x1024.jpg 683w, https:\/\/turismo.amandaroque.net\/wp-content\/uploads\/2023\/06\/t2-001-200x300.jpg 200w, https:\/\/turismo.amandaroque.net\/wp-content\/uploads\/2023\/06\/t2-001-768x1152.jpg 768w, https:\/\/turismo.amandaroque.net\/wp-content\/uploads\/2023\/06\/t2-001-1024x1536.jpg 1024w, https:\/\/turismo.amandaroque.net\/wp-content\/uploads\/2023\/06\/t2-001-1365x2048.jpg 1365w, https:\/\/turismo.amandaroque.net\/wp-content\/uploads\/2023\/06\/t2-001-scaled.jpg 1707w\" sizes=\"auto, (max-width: 683px) 100vw, 683px\" \/><img loading=\"lazy\" decoding=\"async\" width=\"1024\" height=\"683\" src=\"https:\/\/turismo.amandaroque.net\/wp-content\/uploads\/2023\/06\/t1-007-1024x683.jpg\" class=\"attachment-large size-large\" alt=\"Alojamento - t1-quarto com lumin\u00e1ria boho\" srcset=\"https:\/\/turismo.amandaroque.net\/wp-content\/uploads\/2023\/06\/t1-007-1024x683.jpg 1024w, https:\/\/turismo.amandaroque.net\/wp-content\/uploads\/2023\/06\/t1-007-300x200.jpg 300w, https:\/\/turismo.amandaroque.net\/wp-content\/uploads\/2023\/06\/t1-007-768x512.jpg 768w, https:\/\/turismo.amandaroque.net\/wp-content\/uploads\/2023\/06\/t1-007-1536x1024.jpg 1536w, https:\/\/turismo.amandaroque.net\/wp-content\/uploads\/2023\/06\/t1-007-2048x1365.jpg 2048w\" sizes=\"auto, (max-width: 1024px) 100vw, 1024px\" \/><img loading=\"lazy\" decoding=\"async\" width=\"1024\" height=\"683\" src=\"https:\/\/turismo.amandaroque.net\/wp-content\/uploads\/2023\/06\/t1-011-1024x683.jpg\" class=\"attachment-large size-large\" alt=\"Alojamento - t1-Cozinha equipada\" srcset=\"https:\/\/turismo.amandaroque.net\/wp-content\/uploads\/2023\/06\/t1-011-1024x683.jpg 1024w, https:\/\/turismo.amandaroque.net\/wp-content\/uploads\/2023\/06\/t1-011-300x200.jpg 300w, https:\/\/turismo.amandaroque.net\/wp-content\/uploads\/2023\/06\/t1-011-768x512.jpg 768w, https:\/\/turismo.amandaroque.net\/wp-content\/uploads\/2023\/06\/t1-011-1536x1024.jpg 1536w, https:\/\/turismo.amandaroque.net\/wp-content\/uploads\/2023\/06\/t1-011-2048x1365.jpg 2048w\" sizes=\"auto, (max-width: 1024px) 100vw, 1024px\" \/><img loading=\"lazy\" decoding=\"async\" width=\"1024\" height=\"683\" src=\"https:\/\/turismo.amandaroque.net\/wp-content\/uploads\/2023\/06\/T0-006-1024x683.jpg\" class=\"attachment-large size-large\" alt=\"Alojamento - T0-Quarto com cabideiro\" srcset=\"https:\/\/turismo.amandaroque.net\/wp-content\/uploads\/2023\/06\/T0-006-1024x683.jpg 1024w, https:\/\/turismo.amandaroque.net\/wp-content\/uploads\/2023\/06\/T0-006-300x200.jpg 300w, https:\/\/turismo.amandaroque.net\/wp-content\/uploads\/2023\/06\/T0-006-768x512.jpg 768w, https:\/\/turismo.amandaroque.net\/wp-content\/uploads\/2023\/06\/T0-006-1536x1024.jpg 1536w, https:\/\/turismo.amandaroque.net\/wp-content\/uploads\/2023\/06\/T0-006-2048x1365.jpg 2048w\" sizes=\"auto, (max-width: 1024px) 100vw, 1024px\" \/>\t\t\t\t<\/div>\n\t\t\t<\/div>\n\t\t    <\/div>\n<\/div>\n\n\n<div class=\"container-lg  row-com-imagens posicao-imagens-direita row-com-imagens__slider_simples is-slider\">\n    <div class=\"row gx-lg-6\">\n        <div class=\"col-lg-12 align-center texto\">\n            <h2><\/h2>\n            <div><p class=\"p1\">Os\u00a0<b>pre\u00e7os da estadia variam<\/b>\u00a0de acordo com a tipologia das casas e v\u00e3o dos\u00a0<b>85\u20ac, 120 \u20ac<\/b>\u00a0nos est\u00fadios aos <strong>1<\/strong><b>45\u20ac e 200\u20ac<\/b>\u00a0nas casas maiores. No meio h\u00e1 apartamentos T1 com p\u00e1tio interior,\u00a0<b>90\u20ac a 128\u20ac<\/b>, com p\u00e1tio exterior, <strong>1<\/strong><b>00\u20ac a 140\u20ac<\/b>\u00a0e apartamentos T2 entre\u00a0<b>135\u20ac e 180\u20ac.<\/b><\/p>\n<p class=\"p1\">Estes\u00a0<b>valores incluem<\/b>\u00a0a<i>menities, atoalhados, limpeza di\u00e1ria, pequeno almo\u00e7o, acesso \u00e0 piscina e ao tanque e entrada no museu da aldeia<\/i>, Cabanas da Mem\u00f3ria.<\/p>\n<p>O S\u00e3o Br\u00e1s do Regedouro &#8211; Turismo na Aldeia \u00e9 um alojamento que\u00a0<b>preza pela tranquilidade, sustentabilidade<\/b>\u00a0e principalmente pela\u00a0<b>comunidade.<\/b>\u00a0Aqui, os clientes s\u00e3o mais que h\u00f3spedes, s\u00e3o convidados diariamente a contribuir para uma mundo melhor e apreciar as belezas naturais do alentejo portugu\u00eas, bem como o conv\u00edvio com os alde\u00f5es.<\/p>\n<p><strong>Gostava de saber mais?\u00a0<\/strong><br \/>\nEnvie um email para: <a href=\"mailto:marketing@agudal.com\"><em>marketing@agudal.com\u00a0<\/em><\/a><\/p>\n<\/div>\n                    <\/div>\n        \t\t\t<div class=\"col-lg-12 align-center imagens imagens-slider imagens-slider-simples\">\n\t\t\t\t<div class=\"carousel--main\">\n                    <img loading=\"lazy\" decoding=\"async\" width=\"1024\" height=\"683\" src=\"https:\/\/turismo.amandaroque.net\/wp-content\/uploads\/2023\/11\/IMG_4937-1024x683.jpg\" class=\"attachment-large size-large\" alt=\"Paisagem Rural Alentejana - Paz no alentejo.\" srcset=\"https:\/\/turismo.amandaroque.net\/wp-content\/uploads\/2023\/11\/IMG_4937-1024x683.jpg 1024w, https:\/\/turismo.amandaroque.net\/wp-content\/uploads\/2023\/11\/IMG_4937-300x200.jpg 300w, https:\/\/turismo.amandaroque.net\/wp-content\/uploads\/2023\/11\/IMG_4937-480x320.jpg 480w, https:\/\/turismo.amandaroque.net\/wp-content\/uploads\/2023\/11\/IMG_4937-720x480.jpg 720w, https:\/\/turismo.amandaroque.net\/wp-content\/uploads\/2023\/11\/IMG_4937-1440x960.jpg 1440w, https:\/\/turismo.amandaroque.net\/wp-content\/uploads\/2023\/11\/IMG_4937-1920x1280.jpg 1920w, https:\/\/turismo.amandaroque.net\/wp-content\/uploads\/2023\/11\/IMG_4937.jpg 2048w\" sizes=\"auto, (max-width: 1024px) 100vw, 1024px\" \/>\t\t\t\t<\/div>\n\t\t\t<\/div>\n\t\t    <\/div>\n<\/div>","protected":false},"excerpt":{"rendered":"","protected":false},"author":1,"featured_media":0,"parent":0,"menu_order":0,"comment_status":"closed","ping_status":"closed","template":"","meta":{"_acf_changed":false,"_joinchat":[],"footnotes":""},"class_list":["post-996","page","type-page","status-publish"],"acf":[],"yoast_head":"<!-- This site is optimized with the Yoast SEO plugin v27.3 - https:\/\/yoast.com\/product\/yoast-seo-wordpress\/ -->\n<title>Press release - S\u00e3o Br\u00e1s do Regedouro<\/title>\n<meta name=\"description\" content=\"Descubra mais sobre S\u00e3o Br\u00e1s do Regedouro com o nosso Press Release. Tenha uma vis\u00e3o ampla do nosso alojamento.\" \/>\n<meta name=\"robots\" content=\"noindex, follow, max-snippet:-1, max-image-preview:large, max-video-preview:-1\" \/>\n<meta property=\"og:locale\" content=\"en_US\" \/>\n<meta property=\"og:type\" content=\"article\" \/>\n<meta property=\"og:title\" content=\"[:pt]Press Release[:en]Press release[:es]Press Release[:] - S\u00e3o Br\u00e1s do Regedouro\" \/>\n<meta property=\"og:description\" content=\"Descubra mais sobre S\u00e3o Br\u00e1s do Regedouro com o nosso Press Release. Tenha uma vis\u00e3o ampla do nosso alojamento.\" \/>\n<meta property=\"og:url\" content=\"https:\/\/turismo.amandaroque.net\/es\/press-release\/\" \/>\n<meta property=\"og:site_name\" content=\"S\u00e3o Br\u00e1s do Regedouro\" \/>\n<meta property=\"article:publisher\" content=\"https:\/\/www.facebook.com\/saobrasdoregedouro\" \/>\n<meta property=\"article:modified_time\" content=\"2024-05-13T15:29:00+00:00\" \/>\n<meta property=\"og:image\" content=\"https:\/\/turismo.amandaroque.net\/wp-content\/uploads\/2023\/07\/Copia-de-038-scaled-e1691763608579.jpg\" \/>\n\t<meta property=\"og:image:width\" content=\"2000\" \/>\n\t<meta property=\"og:image:height\" content=\"1333\" \/>\n\t<meta property=\"og:image:type\" content=\"image\/jpeg\" \/>\n<meta name=\"twitter:card\" content=\"summary_large_image\" \/>\n<script type=\"application\/ld+json\" class=\"yoast-schema-graph\">{\"@context\":\"https:\\\/\\\/schema.org\",\"@graph\":[{\"@type\":\"WebPage\",\"@id\":\"https:\\\/\\\/turismo.amandaroque.net\\\/es\\\/press-release\\\/\",\"url\":\"https:\\\/\\\/turismo.amandaroque.net\\\/es\\\/press-release\\\/\",\"name\":\"[:pt]Press Release[:en]Press release[:es]Press Release[:] - S\u00e3o Br\u00e1s do Regedouro\",\"isPartOf\":{\"@id\":\"https:\\\/\\\/turismo.amandaroque.net\\\/#website\"},\"datePublished\":\"2023-11-07T13:06:56+00:00\",\"dateModified\":\"2024-05-13T15:29:00+00:00\",\"description\":\"Descubra mais sobre S\u00e3o Br\u00e1s do Regedouro com o nosso Press Release. Tenha uma vis\u00e3o ampla do nosso alojamento.\",\"breadcrumb\":{\"@id\":\"https:\\\/\\\/turismo.amandaroque.net\\\/es\\\/press-release\\\/#breadcrumb\"},\"inLanguage\":\"en-US\",\"potentialAction\":[{\"@type\":\"ReadAction\",\"target\":[\"https:\\\/\\\/turismo.amandaroque.net\\\/es\\\/press-release\\\/\"]}]},{\"@type\":\"BreadcrumbList\",\"@id\":\"https:\\\/\\\/turismo.amandaroque.net\\\/es\\\/press-release\\\/#breadcrumb\",\"itemListElement\":[{\"@type\":\"ListItem\",\"position\":1,\"name\":\"Home\",\"item\":\"https:\\\/\\\/turismo.amandaroque.net\\\/\"},{\"@type\":\"ListItem\",\"position\":2,\"name\":\"Press Release\"}]},{\"@type\":\"WebSite\",\"@id\":\"https:\\\/\\\/turismo.amandaroque.net\\\/#website\",\"url\":\"https:\\\/\\\/turismo.amandaroque.net\\\/\",\"name\":\"S\u00e3o Br\u00e1s do Regedouro - Turismo na Aldeia\",\"description\":\"Turismo na Aldeia\",\"publisher\":{\"@id\":\"https:\\\/\\\/turismo.amandaroque.net\\\/#organization\"},\"potentialAction\":[{\"@type\":\"SearchAction\",\"target\":{\"@type\":\"EntryPoint\",\"urlTemplate\":\"https:\\\/\\\/turismo.amandaroque.net\\\/?s={search_term_string}\"},\"query-input\":{\"@type\":\"PropertyValueSpecification\",\"valueRequired\":true,\"valueName\":\"search_term_string\"}}],\"inLanguage\":\"en-US\"},{\"@type\":\"Organization\",\"@id\":\"https:\\\/\\\/turismo.amandaroque.net\\\/#organization\",\"name\":\"S\u00e3o Br\u00e1s do Regedouro - Turismo na Aldeia\",\"url\":\"https:\\\/\\\/turismo.amandaroque.net\\\/\",\"logo\":{\"@type\":\"ImageObject\",\"inLanguage\":\"en-US\",\"@id\":\"https:\\\/\\\/turismo.amandaroque.net\\\/#\\\/schema\\\/logo\\\/image\\\/\",\"url\":\"https:\\\/\\\/turismo.amandaroque.net\\\/wp-content\\\/uploads\\\/2023\\\/06\\\/cropped-Horizontal_Azul-1.png\",\"contentUrl\":\"https:\\\/\\\/turismo.amandaroque.net\\\/wp-content\\\/uploads\\\/2023\\\/06\\\/cropped-Horizontal_Azul-1.png\",\"width\":512,\"height\":512,\"caption\":\"S\u00e3o Br\u00e1s do Regedouro - Turismo na Aldeia\"},\"image\":{\"@id\":\"https:\\\/\\\/turismo.amandaroque.net\\\/#\\\/schema\\\/logo\\\/image\\\/\"},\"sameAs\":[\"https:\\\/\\\/www.facebook.com\\\/saobrasdoregedouro\",\"https:\\\/\\\/www.instagram.com\\\/saobrasdoregedouro\\\/\"]}]}<\/script>\n<!-- \/ Yoast SEO plugin. -->","yoast_head_json":{"title":"[:pt]Press Release[:en]Press release[:es]Press Release[:] - S\u00e3o Br\u00e1s do Regedouro","description":"Descubra mais sobre S\u00e3o Br\u00e1s do Regedouro com o nosso Press Release. Tenha uma vis\u00e3o ampla do nosso alojamento.","robots":{"index":"noindex","follow":"follow","max-snippet":"max-snippet:-1","max-image-preview":"max-image-preview:large","max-video-preview":"max-video-preview:-1"},"og_locale":"en_US","og_type":"article","og_title":"[:pt]Press Release[:en]Press release[:es]Press Release[:] - S\u00e3o Br\u00e1s do Regedouro","og_description":"Descubra mais sobre S\u00e3o Br\u00e1s do Regedouro com o nosso Press Release. Tenha uma vis\u00e3o ampla do nosso alojamento.","og_url":"https:\/\/turismo.amandaroque.net\/es\/press-release\/","og_site_name":"S\u00e3o Br\u00e1s do Regedouro","article_publisher":"https:\/\/www.facebook.com\/saobrasdoregedouro","article_modified_time":"2024-05-13T15:29:00+00:00","og_image":[{"width":2000,"height":1333,"url":"https:\/\/turismo.amandaroque.net\/wp-content\/uploads\/2023\/07\/Copia-de-038-scaled-e1691763608579.jpg","type":"image\/jpeg"}],"twitter_card":"summary_large_image","schema":{"@context":"https:\/\/schema.org","@graph":[{"@type":"WebPage","@id":"https:\/\/turismo.amandaroque.net\/es\/press-release\/","url":"https:\/\/turismo.amandaroque.net\/es\/press-release\/","name":"[:pt]Press Release[:en]Press release[:es]Press Release[:] - S\u00e3o Br\u00e1s do Regedouro","isPartOf":{"@id":"https:\/\/turismo.amandaroque.net\/#website"},"datePublished":"2023-11-07T13:06:56+00:00","dateModified":"2024-05-13T15:29:00+00:00","description":"Descubra mais sobre S\u00e3o Br\u00e1s do Regedouro com o nosso Press Release. Tenha uma vis\u00e3o ampla do nosso alojamento.","breadcrumb":{"@id":"https:\/\/turismo.amandaroque.net\/es\/press-release\/#breadcrumb"},"inLanguage":"en-US","potentialAction":[{"@type":"ReadAction","target":["https:\/\/turismo.amandaroque.net\/es\/press-release\/"]}]},{"@type":"BreadcrumbList","@id":"https:\/\/turismo.amandaroque.net\/es\/press-release\/#breadcrumb","itemListElement":[{"@type":"ListItem","position":1,"name":"Home","item":"https:\/\/turismo.amandaroque.net\/"},{"@type":"ListItem","position":2,"name":"Press Release"}]},{"@type":"WebSite","@id":"https:\/\/turismo.amandaroque.net\/#website","url":"https:\/\/turismo.amandaroque.net\/","name":"S\u00e3o Br\u00e1s do Regedouro - Turismo na Aldeia","description":"Turismo na Aldeia","publisher":{"@id":"https:\/\/turismo.amandaroque.net\/#organization"},"potentialAction":[{"@type":"SearchAction","target":{"@type":"EntryPoint","urlTemplate":"https:\/\/turismo.amandaroque.net\/?s={search_term_string}"},"query-input":{"@type":"PropertyValueSpecification","valueRequired":true,"valueName":"search_term_string"}}],"inLanguage":"en-US"},{"@type":"Organization","@id":"https:\/\/turismo.amandaroque.net\/#organization","name":"S\u00e3o Br\u00e1s do Regedouro - Turismo na Aldeia","url":"https:\/\/turismo.amandaroque.net\/","logo":{"@type":"ImageObject","inLanguage":"en-US","@id":"https:\/\/turismo.amandaroque.net\/#\/schema\/logo\/image\/","url":"https:\/\/turismo.amandaroque.net\/wp-content\/uploads\/2023\/06\/cropped-Horizontal_Azul-1.png","contentUrl":"https:\/\/turismo.amandaroque.net\/wp-content\/uploads\/2023\/06\/cropped-Horizontal_Azul-1.png","width":512,"height":512,"caption":"S\u00e3o Br\u00e1s do Regedouro - Turismo na Aldeia"},"image":{"@id":"https:\/\/turismo.amandaroque.net\/#\/schema\/logo\/image\/"},"sameAs":["https:\/\/www.facebook.com\/saobrasdoregedouro","https:\/\/www.instagram.com\/saobrasdoregedouro\/"]}]}},"_links":{"self":[{"href":"https:\/\/turismo.amandaroque.net\/en\/wp-json\/wp\/v2\/pages\/996","targetHints":{"allow":["GET"]}}],"collection":[{"href":"https:\/\/turismo.amandaroque.net\/en\/wp-json\/wp\/v2\/pages"}],"about":[{"href":"https:\/\/turismo.amandaroque.net\/en\/wp-json\/wp\/v2\/types\/page"}],"author":[{"embeddable":true,"href":"https:\/\/turismo.amandaroque.net\/en\/wp-json\/wp\/v2\/users\/1"}],"replies":[{"embeddable":true,"href":"https:\/\/turismo.amandaroque.net\/en\/wp-json\/wp\/v2\/comments?post=996"}],"version-history":[{"count":10,"href":"https:\/\/turismo.amandaroque.net\/en\/wp-json\/wp\/v2\/pages\/996\/revisions"}],"predecessor-version":[{"id":1653,"href":"https:\/\/turismo.amandaroque.net\/en\/wp-json\/wp\/v2\/pages\/996\/revisions\/1653"}],"wp:attachment":[{"href":"https:\/\/turismo.amandaroque.net\/en\/wp-json\/wp\/v2\/media?parent=996"}],"curies":[{"name":"wp","href":"https:\/\/api.w.org\/{rel}","templated":true}]}}