{"id":1774,"date":"2024-06-07T10:01:53","date_gmt":"2024-06-07T09:01:53","guid":{"rendered":"https:\/\/turismo.amandaroque.net\/?page_id=1774"},"modified":"2024-09-30T15:20:34","modified_gmt":"2024-09-30T14:20:34","slug":"guia-do-aldeao","status":"publish","type":"page","link":"https:\/\/turismo.amandaroque.net\/es\/guia-del-aldeano\/","title":{"rendered":"Gu\u00eda del Aldeano"},"content":{"rendered":"<div class=\"row-imagem-inicial row-imagem-inicial__curta\"\r\n     style=\"background-image: var(--image-gradient), url('https:\/\/turismo.amandaroque.net\/wp-content\/uploads\/2024\/05\/IMG_7926-1920x1280.jpg')\">\r\n    <div class=\"container\">\r\n        <h1><\/h1>\r\n        \r\n    <\/div>\r\n\r\n<\/div>\r\n\r\n\n\n\n<h1 class=\"wp-block-heading has-text-align-center\">Gu\u00eda del Aldeano: S\u00e3o Br\u00e1s do Regedouro<\/h1>\n\n\n\n<h3 class=\"wp-block-heading has-text-align-center\">Explora la belleza y la tranquilidad del Alentejo<\/h3>\n\n\n\n<p class=\"has-text-align-center\">\u00a1Estamos ansiosos por recibirte y compartir contigo la belleza y la serenidad de nuestra aldea!<br>Antes que nada, queremos que vivas una experiencia aut\u00e9ntica e inolvidable en este rinc\u00f3n especial del <br>Alentejo. Para ello, hemos creado esta <strong>Gu\u00eda del Aldeano<\/strong>, donde encontrar\u00e1s todo lo que necesitas saber<br> para prepararte para esta incre\u00edble aventura.<\/p>\n\n\n\n<p class=\"has-text-align-center\"><strong>Es muy importante que leas toda la gu\u00eda<\/strong> para que conozcas todo lo que la aldea ofrece y puedas <br>aprovechar al m\u00e1ximo tu estancia. As\u00ed, garantizamos que no te perder\u00e1s ninguna oportunidad de explorar, <br>relajarte y disfrutar de nuestra hospitalidad y del encanto de esta pintoresca aldea.<\/p>\n\n\n\n<p class=\"has-text-align-center\">Queremos que te sientas verdaderamente parte de nuestra comunidad, aunque sea solo por unos d\u00edas.<\/p>\n\n\n<div class=\"container-lg  row-com-imagens posicao-imagens-esquerda row-com-imagens__slider_simples is-slider\">\n    <div class=\"row gx-lg-6\">\n        <div class=\"col-lg-12 align-center texto\">\n            <h2>Informaci\u00f3n de las casas<\/h2>\n            <div><p>Nuestro horario de <strong>check-in es entre las 15:00 y las 18:00<\/strong>. Si deseas hacer el check-in despu\u00e9s de ese horario, por favor inf\u00f3rmanos para que podamos dejar una forma de hacer el self check-in. Nuestro<strong> check-out es hasta las 11:00.<\/strong><\/p>\n<p>Nuestras casas siguen la estructura t\u00edpica de una aldea alentejana. Las<strong> paredes tienen una estructura irregular de piedra, lo que puede dificultar la se\u00f1al del Wi-Fi.<\/strong> Aprovecha para desconectarte y disfrutar de la vida simple y la tranquilidad de la aldea.<\/p>\n<p>Los <strong>tejados de las casas se preservan en madera<\/strong>, manteniendo la estructura antigua. <strong>Este material<\/strong>, debido a los cambios de temperatura a lo largo del d\u00eda \u2013calor durante el d\u00eda y frescor por la noche\u2013 <strong>tiende a dilatarse y hacer algunos ruidos<\/strong> que pueden parecer animales en el tejado. Pero no te preocupes, garantizamos que no hay animales en los tejados durante la noche. Este sonido es solo el de un material natural, muy utilizado en la construcci\u00f3n alentejana, dilat\u00e1ndose.<\/p>\n<p>Los <strong>patios est\u00e1n conectados pues creemos en la conexi\u00f3n entre los hu\u00e9spedes<\/strong> y promovemos un contacto t\u00edpico de una aldea, donde los vecinos pueden convivir en armon\u00eda y hay esta interacci\u00f3n y compartir.<\/p>\n<p>La<strong> limpieza no es diaria, se realiza cada 2 d\u00edas para estancias superiores a 4 d\u00edas<\/strong>. Si necesitas algo, o si necesitas que cambiemos alg\u00fan utensilio, puedes solicitarlo en la recepci\u00f3n.<\/p>\n<p>Recordamos que <strong>tu mascota es muy bienvenida en el alojamiento.<\/strong> Pedimos que, para su seguridad y la de los dem\u00e1s hu\u00e9spedes, <strong>siempre est\u00e9 con correa<\/strong>. Tambi\u00e9n resaltamos que <strong>los animales est\u00e1n prohibidos en la zona de la piscina.<\/strong><\/p>\n<\/div>\n                    <\/div>\n        \t\t\t<div class=\"col-lg-12 align-center imagens imagens-slider imagens-slider-simples\">\n\t\t\t\t<div class=\"carousel--main\">\n                    <img loading=\"lazy\" decoding=\"async\" width=\"683\" height=\"1024\" src=\"https:\/\/turismo.amandaroque.net\/wp-content\/uploads\/2024\/04\/009-5-683x1024.jpg\" class=\"attachment-large size-large\" alt=\"\" srcset=\"https:\/\/turismo.amandaroque.net\/wp-content\/uploads\/2024\/04\/009-5-683x1024.jpg 683w, https:\/\/turismo.amandaroque.net\/wp-content\/uploads\/2024\/04\/009-5-200x300.jpg 200w, https:\/\/turismo.amandaroque.net\/wp-content\/uploads\/2024\/04\/009-5-480x720.jpg 480w, https:\/\/turismo.amandaroque.net\/wp-content\/uploads\/2024\/04\/009-5-720x1080.jpg 720w, https:\/\/turismo.amandaroque.net\/wp-content\/uploads\/2024\/04\/009-5.jpg 1365w\" sizes=\"auto, (max-width: 683px) 100vw, 683px\" \/>\t\t\t\t<\/div>\n\t\t\t<\/div>\n\t\t    <\/div>\n<\/div>\n\n\n<div class=\"container-lg  row-com-imagens posicao-imagens-direita row-com-imagens__slider_simples is-slider\">\n    <div class=\"row gx-lg-6\">\n        <div class=\"col-lg-12 align-center texto\">\n            <h2>Elige tu desayuno<\/h2>\n            <div><p>Aqu\u00ed, queremos que tu d\u00eda comience de la mejor manera posible, con un delicioso y saludable desayuno, entregado directamente en tu puerta.<\/p>\n<p><strong>Elige tu Desayuno Diario<\/strong> Todos los d\u00edas, puedes elegir lo que quieres recibir en tu cesta de desayuno. Tenemos una variedad de opciones para todos los gustos. <strong>Verifica el men\u00fa completo, selecciona lo que te gustar\u00eda recibir y env\u00eda un mensaje a la recepci\u00f3n hasta las 13:00 del d\u00eda anterior.<\/strong><\/p>\n<p><strong>Evita el Desperdicio<\/strong> Te animamos a pedir solo lo que vas a consumir. De esta forma, ayudamos a evitar el desperdicio de alimentos y contribuimos a la sostenibilidad de nuestra aldea.<\/p>\n<p>&nbsp;<\/p>\n<\/div>\n                        <a class=\"btn btn-regedouro-laranja align-center mb-5 mb-md-0\" href=\"https:\/\/drive.google.com\/file\/d\/1xosimwzBwPvCNL8tK6nkNxd99UK93bSu\/view?usp=share_link\">\n                Pequeno-almo\u00e7o            <\/a>\n                    <\/div>\n        \t\t\t<div class=\"col-lg-12 align-center imagens imagens-slider imagens-slider-simples\">\n\t\t\t\t<div class=\"carousel--main\">\n                    <img loading=\"lazy\" decoding=\"async\" width=\"1024\" height=\"683\" src=\"https:\/\/turismo.amandaroque.net\/wp-content\/uploads\/2024\/06\/IMG_5089-2-1024x683.jpg\" class=\"attachment-large size-large\" alt=\"\" srcset=\"https:\/\/turismo.amandaroque.net\/wp-content\/uploads\/2024\/06\/IMG_5089-2-1024x683.jpg 1024w, https:\/\/turismo.amandaroque.net\/wp-content\/uploads\/2024\/06\/IMG_5089-2-300x200.jpg 300w, https:\/\/turismo.amandaroque.net\/wp-content\/uploads\/2024\/06\/IMG_5089-2-480x320.jpg 480w, https:\/\/turismo.amandaroque.net\/wp-content\/uploads\/2024\/06\/IMG_5089-2-720x480.jpg 720w, https:\/\/turismo.amandaroque.net\/wp-content\/uploads\/2024\/06\/IMG_5089-2-1440x960.jpg 1440w, https:\/\/turismo.amandaroque.net\/wp-content\/uploads\/2024\/06\/IMG_5089-2-1920x1280.jpg 1920w, https:\/\/turismo.amandaroque.net\/wp-content\/uploads\/2024\/06\/IMG_5089-2.jpg 2048w\" sizes=\"auto, (max-width: 1024px) 100vw, 1024px\" \/>\t\t\t\t<\/div>\n\t\t\t<\/div>\n\t\t    <\/div>\n<\/div>\n\n\n<div class=\"container-lg  row-com-imagens posicao-imagens-esquerda row-com-imagens__slider_simples is-slider\">\n    <div class=\"row gx-lg-6\">\n        <div class=\"col-lg-12 align-center texto\">\n            <h2>Actividades que No Puedes Perder<\/h2>\n            <div><p>Desde actividades estacionales hasta tardes relajantes junto a la piscina y la exploraci\u00f3n de los caminos antiguos, tenemos algo para complementar tu visita y hacerla a\u00fan m\u00e1s especial.<\/p>\n<p>Descubre paisajes deslumbrantes e historias fascinantes mientras exploras las rutas hist\u00f3ricas de nuestra aldea.<\/p>\n<p>Para los amantes de la gastronom\u00eda, ofrecemos sesiones de degustaci\u00f3n de vinos y aceites regionales, as\u00ed como talleres de cocina tradicional alentejana.<\/p>\n<p>Puedes consultar<strong> la Gu\u00eda Completa de Actividades y reservar con nuestro equipo<\/strong>. \u00a1Estamos aqu\u00ed para garantizar que aproveches cada momento al m\u00e1ximo!<\/p>\n<p>&nbsp;<\/p>\n<\/div>\n                        <a class=\"btn btn-regedouro-laranja align-center mb-5 mb-md-0\" href=\"https:\/\/turismo.amandaroque.net\/wp-content\/uploads\/2024\/09\/Activities-guide-ENG-3.pdf\">\n                Guia de atividades            <\/a>\n                    <\/div>\n        \t\t\t<div class=\"col-lg-12 align-center imagens imagens-slider imagens-slider-simples\">\n\t\t\t\t<div class=\"carousel--main\">\n                    <img loading=\"lazy\" decoding=\"async\" width=\"1024\" height=\"704\" src=\"https:\/\/turismo.amandaroque.net\/wp-content\/uploads\/2024\/03\/IMG_6781-e1710849250692-1024x704.jpg\" class=\"attachment-large size-large\" alt=\"\" srcset=\"https:\/\/turismo.amandaroque.net\/wp-content\/uploads\/2024\/03\/IMG_6781-e1710849250692-1024x704.jpg 1024w, https:\/\/turismo.amandaroque.net\/wp-content\/uploads\/2024\/03\/IMG_6781-e1710849250692-300x206.jpg 300w, https:\/\/turismo.amandaroque.net\/wp-content\/uploads\/2024\/03\/IMG_6781-e1710849250692-480x330.jpg 480w, https:\/\/turismo.amandaroque.net\/wp-content\/uploads\/2024\/03\/IMG_6781-e1710849250692-720x495.jpg 720w, https:\/\/turismo.amandaroque.net\/wp-content\/uploads\/2024\/03\/IMG_6781-e1710849250692-1440x990.jpg 1440w, https:\/\/turismo.amandaroque.net\/wp-content\/uploads\/2024\/03\/IMG_6781-e1710849250692-1920x1320.jpg 1920w, https:\/\/turismo.amandaroque.net\/wp-content\/uploads\/2024\/03\/IMG_6781-e1710849250692-768x528.jpg 768w, https:\/\/turismo.amandaroque.net\/wp-content\/uploads\/2024\/03\/IMG_6781-e1710849250692-1536x1056.jpg 1536w, https:\/\/turismo.amandaroque.net\/wp-content\/uploads\/2024\/03\/IMG_6781-e1710849250692.jpg 2024w\" sizes=\"auto, (max-width: 1024px) 100vw, 1024px\" \/>\t\t\t\t<\/div>\n\t\t\t<\/div>\n\t\t    <\/div>\n<\/div>\n\n\n<div class=\"container-lg  row-com-imagens posicao-imagens-direita row-com-imagens__slider_simples is-slider\">\n    <div class=\"row gx-lg-6\">\n        <div class=\"col-lg-12 align-center texto\">\n            <h2>D\u00f3nde Comer<\/h2>\n            <div><p>Como aqu\u00ed en la aldea no tenemos un restaurante en funcionamiento, te recomendamos que pruebes <strong>los platos de nuestro Room Service<\/strong>.<\/p>\n<p>Si deseas una experiencia aut\u00e9ntica en un restaurante t\u00edpico, tenemos algunos <strong>socios en los alrededores de la aldea que te podemos recomendar<\/strong>. \u00a1Algunos incluso hacen entregas en la aldea!<\/p>\n<p>&nbsp;<\/p>\n<p>&nbsp;<\/p>\n<\/div>\n                        <a class=\"btn btn-regedouro-laranja align-center mb-5 mb-md-0\" href=\"https:\/\/turismo.amandaroque.net\/wp-content\/uploads\/2024\/09\/Restaurantes-room-service-2.pdf\">\n                Lista de Restaurantes            <\/a>\n                    <\/div>\n        \t\t\t<div class=\"col-lg-12 align-center imagens imagens-slider imagens-slider-simples\">\n\t\t\t\t<div class=\"carousel--main\">\n                    <img loading=\"lazy\" decoding=\"async\" width=\"1024\" height=\"683\" src=\"https:\/\/turismo.amandaroque.net\/wp-content\/uploads\/2024\/06\/IMG_6784-1024x683.jpg\" class=\"attachment-large size-large\" alt=\"\" srcset=\"https:\/\/turismo.amandaroque.net\/wp-content\/uploads\/2024\/06\/IMG_6784-1024x683.jpg 1024w, https:\/\/turismo.amandaroque.net\/wp-content\/uploads\/2024\/06\/IMG_6784-300x200.jpg 300w, https:\/\/turismo.amandaroque.net\/wp-content\/uploads\/2024\/06\/IMG_6784-480x320.jpg 480w, https:\/\/turismo.amandaroque.net\/wp-content\/uploads\/2024\/06\/IMG_6784-720x480.jpg 720w, https:\/\/turismo.amandaroque.net\/wp-content\/uploads\/2024\/06\/IMG_6784-1440x960.jpg 1440w, https:\/\/turismo.amandaroque.net\/wp-content\/uploads\/2024\/06\/IMG_6784-1920x1280.jpg 1920w, https:\/\/turismo.amandaroque.net\/wp-content\/uploads\/2024\/06\/IMG_6784.jpg 2048w\" sizes=\"auto, (max-width: 1024px) 100vw, 1024px\" \/>\t\t\t\t<\/div>\n\t\t\t<\/div>\n\t\t    <\/div>\n<\/div>\n\n\n<div class=\"container stacked-images posicao-imagens-esquerda\">\r\n    <div class=\"row gx-lg-6\">\r\n        <div class=\"col-md-12 align-center texto\">\r\n            <h2>Comparte y Con\u00e9ctate<\/h2>\r\n            <div><p>\u00a1Nos encantar\u00eda ver c\u00f3mo est\u00e1s disfrutando de tus d\u00edas!<\/p>\n<p>S\u00edguenos en las redes sociales, etiqu\u00e9tanos en tus fotos y usa el hashtag<strong> #SaoBrasDoRegedouro<\/strong>.<\/p>\n<p>Muestra al mundo c\u00f3mo es ser un aldeano, aunque solo sea por unos d\u00edas.<\/p>\n<\/div>\r\n                    <\/div>\r\n        <div class=\"col-md-12 imagens imagens-\">\r\n            <img loading=\"lazy\" decoding=\"async\" width=\"720\" height=\"720\" src=\"https:\/\/turismo.amandaroque.net\/wp-content\/uploads\/2023\/09\/estadias-02-720x720.jpg\" class=\"attachment-md size-md\" alt=\"\" srcset=\"https:\/\/turismo.amandaroque.net\/wp-content\/uploads\/2023\/09\/estadias-02-720x720.jpg 720w, https:\/\/turismo.amandaroque.net\/wp-content\/uploads\/2023\/09\/estadias-02-300x300.jpg 300w, https:\/\/turismo.amandaroque.net\/wp-content\/uploads\/2023\/09\/estadias-02-1024x1024.jpg 1024w, https:\/\/turismo.amandaroque.net\/wp-content\/uploads\/2023\/09\/estadias-02-150x150.jpg 150w, https:\/\/turismo.amandaroque.net\/wp-content\/uploads\/2023\/09\/estadias-02-480x480.jpg 480w, https:\/\/turismo.amandaroque.net\/wp-content\/uploads\/2023\/09\/estadias-02.jpg 1080w\" sizes=\"auto, (max-width: 720px) 100vw, 720px\" \/><img loading=\"lazy\" decoding=\"async\" width=\"720\" height=\"720\" src=\"https:\/\/turismo.amandaroque.net\/wp-content\/uploads\/2023\/09\/estadias-03-720x720.jpg\" class=\"attachment-md size-md\" alt=\"\" srcset=\"https:\/\/turismo.amandaroque.net\/wp-content\/uploads\/2023\/09\/estadias-03-720x720.jpg 720w, https:\/\/turismo.amandaroque.net\/wp-content\/uploads\/2023\/09\/estadias-03-300x300.jpg 300w, https:\/\/turismo.amandaroque.net\/wp-content\/uploads\/2023\/09\/estadias-03-1024x1024.jpg 1024w, https:\/\/turismo.amandaroque.net\/wp-content\/uploads\/2023\/09\/estadias-03-150x150.jpg 150w, https:\/\/turismo.amandaroque.net\/wp-content\/uploads\/2023\/09\/estadias-03-480x480.jpg 480w, https:\/\/turismo.amandaroque.net\/wp-content\/uploads\/2023\/09\/estadias-03.jpg 1080w\" sizes=\"auto, (max-width: 720px) 100vw, 720px\" \/><img loading=\"lazy\" decoding=\"async\" width=\"720\" height=\"720\" src=\"https:\/\/turismo.amandaroque.net\/wp-content\/uploads\/2023\/09\/estadias-720x720.jpg\" class=\"attachment-md size-md\" alt=\"\" srcset=\"https:\/\/turismo.amandaroque.net\/wp-content\/uploads\/2023\/09\/estadias-720x720.jpg 720w, https:\/\/turismo.amandaroque.net\/wp-content\/uploads\/2023\/09\/estadias-300x300.jpg 300w, https:\/\/turismo.amandaroque.net\/wp-content\/uploads\/2023\/09\/estadias-1024x1024.jpg 1024w, https:\/\/turismo.amandaroque.net\/wp-content\/uploads\/2023\/09\/estadias-150x150.jpg 150w, https:\/\/turismo.amandaroque.net\/wp-content\/uploads\/2023\/09\/estadias-480x480.jpg 480w, https:\/\/turismo.amandaroque.net\/wp-content\/uploads\/2023\/09\/estadias.jpg 1080w\" sizes=\"auto, (max-width: 720px) 100vw, 720px\" \/>        <\/div>\r\n    <\/div>\r\n<\/div>","protected":false},"excerpt":{"rendered":"<p>Gu\u00eda del Aldeano: S\u00e3o Br\u00e1s do Regedouro Explora la belleza y la tranquilidad del Alentejo \u00a1Estamos ansiosos por recibirte y &#8230; <a title=\"Gu\u00eda del Aldeano\" class=\"read-more\" href=\"https:\/\/turismo.amandaroque.net\/es\/guia-del-aldeano\/\" aria-label=\"Leer m\u00e1s sobre Gu\u00eda del Aldeano\">Leer m\u00e1s<\/a><\/p>\n","protected":false},"author":1,"featured_media":511,"parent":0,"menu_order":0,"comment_status":"closed","ping_status":"closed","template":"","meta":{"_acf_changed":false,"_joinchat":[],"footnotes":""},"class_list":["post-1774","page","type-page","status-publish","has-post-thumbnail"],"acf":[],"yoast_head":"<!-- This site is optimized with the Yoast SEO plugin v27.3 - https:\/\/yoast.com\/product\/yoast-seo-wordpress\/ -->\n<title>Gu\u00eda del Aldeano - S\u00e3o Br\u00e1s do Regedouro<\/title>\n<meta name=\"description\" content=\"Descubra tudo o que precisa saber antes de nos visitar, para tornar a sua estadia mais agrad\u00e1vel e confort\u00e1vel!\" \/>\n<meta name=\"robots\" content=\"noindex, follow, max-snippet:-1, max-image-preview:large, max-video-preview:-1\" \/>\n<meta property=\"og:locale\" content=\"es_ES\" \/>\n<meta property=\"og:type\" content=\"article\" \/>\n<meta property=\"og:title\" content=\"[:pt]Guia do Alde\u00e3o[:en]Villager Guide[:es]Gu\u00eda del Aldeano[:] - S\u00e3o Br\u00e1s do Regedouro\" \/>\n<meta property=\"og:description\" content=\"Descubra tudo o que precisa saber antes de nos visitar, para tornar a sua estadia mais agrad\u00e1vel e confort\u00e1vel!\" \/>\n<meta property=\"og:url\" content=\"https:\/\/turismo.amandaroque.net\/es\/guia-del-aldeano\/\" \/>\n<meta property=\"og:site_name\" content=\"S\u00e3o Br\u00e1s do Regedouro\" \/>\n<meta property=\"article:publisher\" content=\"https:\/\/www.facebook.com\/saobrasdoregedouro\" \/>\n<meta property=\"article:modified_time\" content=\"2024-09-30T14:20:34+00:00\" \/>\n<meta property=\"og:image\" content=\"https:\/\/turismo.amandaroque.net\/wp-content\/uploads\/2023\/06\/baguinho-e-esposa-e1688565280762.jpg\" \/>\n\t<meta property=\"og:image:width\" content=\"1364\" \/>\n\t<meta property=\"og:image:height\" content=\"709\" \/>\n\t<meta property=\"og:image:type\" content=\"image\/jpeg\" \/>\n<meta name=\"twitter:card\" content=\"summary_large_image\" \/>\n<meta name=\"twitter:label1\" content=\"Tiempo de lectura\" \/>\n\t<meta name=\"twitter:data1\" content=\"1 minuto\" \/>\n<script type=\"application\/ld+json\" class=\"yoast-schema-graph\">{\"@context\":\"https:\\\/\\\/schema.org\",\"@graph\":[{\"@type\":\"WebPage\",\"@id\":\"https:\\\/\\\/turismo.amandaroque.net\\\/es\\\/guia-del-aldeano\\\/\",\"url\":\"https:\\\/\\\/turismo.amandaroque.net\\\/es\\\/guia-del-aldeano\\\/\",\"name\":\"[:pt]Guia do Alde\u00e3o[:en]Villager Guide[:es]Gu\u00eda del Aldeano[:] - S\u00e3o Br\u00e1s do Regedouro\",\"isPartOf\":{\"@id\":\"https:\\\/\\\/turismo.amandaroque.net\\\/#website\"},\"primaryImageOfPage\":{\"@id\":\"https:\\\/\\\/turismo.amandaroque.net\\\/es\\\/guia-del-aldeano\\\/#primaryimage\"},\"image\":{\"@id\":\"https:\\\/\\\/turismo.amandaroque.net\\\/es\\\/guia-del-aldeano\\\/#primaryimage\"},\"thumbnailUrl\":\"https:\\\/\\\/turismo.amandaroque.net\\\/wp-content\\\/uploads\\\/2023\\\/06\\\/baguinho-e-esposa-e1688565280762.jpg\",\"datePublished\":\"2024-06-07T09:01:53+00:00\",\"dateModified\":\"2024-09-30T14:20:34+00:00\",\"description\":\"Descubra tudo o que precisa saber antes de nos visitar, para tornar a sua estadia mais agrad\u00e1vel e confort\u00e1vel!\",\"breadcrumb\":{\"@id\":\"https:\\\/\\\/turismo.amandaroque.net\\\/es\\\/guia-del-aldeano\\\/#breadcrumb\"},\"inLanguage\":\"es\",\"potentialAction\":[{\"@type\":\"ReadAction\",\"target\":[\"https:\\\/\\\/turismo.amandaroque.net\\\/es\\\/guia-del-aldeano\\\/\"]}]},{\"@type\":\"ImageObject\",\"inLanguage\":\"es\",\"@id\":\"https:\\\/\\\/turismo.amandaroque.net\\\/es\\\/guia-del-aldeano\\\/#primaryimage\",\"url\":\"https:\\\/\\\/turismo.amandaroque.net\\\/wp-content\\\/uploads\\\/2023\\\/06\\\/baguinho-e-esposa-e1688565280762.jpg\",\"contentUrl\":\"https:\\\/\\\/turismo.amandaroque.net\\\/wp-content\\\/uploads\\\/2023\\\/06\\\/baguinho-e-esposa-e1688565280762.jpg\",\"width\":1364,\"height\":709},{\"@type\":\"BreadcrumbList\",\"@id\":\"https:\\\/\\\/turismo.amandaroque.net\\\/es\\\/guia-del-aldeano\\\/#breadcrumb\",\"itemListElement\":[{\"@type\":\"ListItem\",\"position\":1,\"name\":\"Home\",\"item\":\"https:\\\/\\\/turismo.amandaroque.net\\\/\"},{\"@type\":\"ListItem\",\"position\":2,\"name\":\"Gu\u00eda del Aldeano\"}]},{\"@type\":\"WebSite\",\"@id\":\"https:\\\/\\\/turismo.amandaroque.net\\\/#website\",\"url\":\"https:\\\/\\\/turismo.amandaroque.net\\\/\",\"name\":\"S\u00e3o Br\u00e1s do Regedouro - Turismo na Aldeia\",\"description\":\"Turismo na Aldeia\",\"publisher\":{\"@id\":\"https:\\\/\\\/turismo.amandaroque.net\\\/#organization\"},\"potentialAction\":[{\"@type\":\"SearchAction\",\"target\":{\"@type\":\"EntryPoint\",\"urlTemplate\":\"https:\\\/\\\/turismo.amandaroque.net\\\/?s={search_term_string}\"},\"query-input\":{\"@type\":\"PropertyValueSpecification\",\"valueRequired\":true,\"valueName\":\"search_term_string\"}}],\"inLanguage\":\"es\"},{\"@type\":\"Organization\",\"@id\":\"https:\\\/\\\/turismo.amandaroque.net\\\/#organization\",\"name\":\"S\u00e3o Br\u00e1s do Regedouro - Turismo na Aldeia\",\"url\":\"https:\\\/\\\/turismo.amandaroque.net\\\/\",\"logo\":{\"@type\":\"ImageObject\",\"inLanguage\":\"es\",\"@id\":\"https:\\\/\\\/turismo.amandaroque.net\\\/#\\\/schema\\\/logo\\\/image\\\/\",\"url\":\"https:\\\/\\\/turismo.amandaroque.net\\\/wp-content\\\/uploads\\\/2023\\\/06\\\/cropped-Horizontal_Azul-1.png\",\"contentUrl\":\"https:\\\/\\\/turismo.amandaroque.net\\\/wp-content\\\/uploads\\\/2023\\\/06\\\/cropped-Horizontal_Azul-1.png\",\"width\":512,\"height\":512,\"caption\":\"S\u00e3o Br\u00e1s do Regedouro - Turismo na Aldeia\"},\"image\":{\"@id\":\"https:\\\/\\\/turismo.amandaroque.net\\\/#\\\/schema\\\/logo\\\/image\\\/\"},\"sameAs\":[\"https:\\\/\\\/www.facebook.com\\\/saobrasdoregedouro\",\"https:\\\/\\\/www.instagram.com\\\/saobrasdoregedouro\\\/\"]}]}<\/script>\n<!-- \/ Yoast SEO plugin. -->","yoast_head_json":{"title":"[:pt]Guia do Alde\u00e3o[:en]Villager Guide[:es]Gu\u00eda del Aldeano[:] - S\u00e3o Br\u00e1s do Regedouro","description":"Descubra tudo o que precisa saber antes de nos visitar, para tornar a sua estadia mais agrad\u00e1vel e confort\u00e1vel!","robots":{"index":"noindex","follow":"follow","max-snippet":"max-snippet:-1","max-image-preview":"max-image-preview:large","max-video-preview":"max-video-preview:-1"},"og_locale":"es_ES","og_type":"article","og_title":"[:pt]Guia do Alde\u00e3o[:en]Villager Guide[:es]Gu\u00eda del Aldeano[:] - S\u00e3o Br\u00e1s do Regedouro","og_description":"Descubra tudo o que precisa saber antes de nos visitar, para tornar a sua estadia mais agrad\u00e1vel e confort\u00e1vel!","og_url":"https:\/\/turismo.amandaroque.net\/es\/guia-del-aldeano\/","og_site_name":"S\u00e3o Br\u00e1s do Regedouro","article_publisher":"https:\/\/www.facebook.com\/saobrasdoregedouro","article_modified_time":"2024-09-30T14:20:34+00:00","og_image":[{"width":1364,"height":709,"url":"https:\/\/turismo.amandaroque.net\/wp-content\/uploads\/2023\/06\/baguinho-e-esposa-e1688565280762.jpg","type":"image\/jpeg"}],"twitter_card":"summary_large_image","twitter_misc":{"Tiempo de lectura":"1 minuto"},"schema":{"@context":"https:\/\/schema.org","@graph":[{"@type":"WebPage","@id":"https:\/\/turismo.amandaroque.net\/es\/guia-del-aldeano\/","url":"https:\/\/turismo.amandaroque.net\/es\/guia-del-aldeano\/","name":"[:pt]Guia do Alde\u00e3o[:en]Villager Guide[:es]Gu\u00eda del Aldeano[:] - S\u00e3o Br\u00e1s do Regedouro","isPartOf":{"@id":"https:\/\/turismo.amandaroque.net\/#website"},"primaryImageOfPage":{"@id":"https:\/\/turismo.amandaroque.net\/es\/guia-del-aldeano\/#primaryimage"},"image":{"@id":"https:\/\/turismo.amandaroque.net\/es\/guia-del-aldeano\/#primaryimage"},"thumbnailUrl":"https:\/\/turismo.amandaroque.net\/wp-content\/uploads\/2023\/06\/baguinho-e-esposa-e1688565280762.jpg","datePublished":"2024-06-07T09:01:53+00:00","dateModified":"2024-09-30T14:20:34+00:00","description":"Descubra tudo o que precisa saber antes de nos visitar, para tornar a sua estadia mais agrad\u00e1vel e confort\u00e1vel!","breadcrumb":{"@id":"https:\/\/turismo.amandaroque.net\/es\/guia-del-aldeano\/#breadcrumb"},"inLanguage":"es","potentialAction":[{"@type":"ReadAction","target":["https:\/\/turismo.amandaroque.net\/es\/guia-del-aldeano\/"]}]},{"@type":"ImageObject","inLanguage":"es","@id":"https:\/\/turismo.amandaroque.net\/es\/guia-del-aldeano\/#primaryimage","url":"https:\/\/turismo.amandaroque.net\/wp-content\/uploads\/2023\/06\/baguinho-e-esposa-e1688565280762.jpg","contentUrl":"https:\/\/turismo.amandaroque.net\/wp-content\/uploads\/2023\/06\/baguinho-e-esposa-e1688565280762.jpg","width":1364,"height":709},{"@type":"BreadcrumbList","@id":"https:\/\/turismo.amandaroque.net\/es\/guia-del-aldeano\/#breadcrumb","itemListElement":[{"@type":"ListItem","position":1,"name":"Home","item":"https:\/\/turismo.amandaroque.net\/"},{"@type":"ListItem","position":2,"name":"Gu\u00eda del Aldeano"}]},{"@type":"WebSite","@id":"https:\/\/turismo.amandaroque.net\/#website","url":"https:\/\/turismo.amandaroque.net\/","name":"S\u00e3o Br\u00e1s do Regedouro - Turismo na Aldeia","description":"Turismo na Aldeia","publisher":{"@id":"https:\/\/turismo.amandaroque.net\/#organization"},"potentialAction":[{"@type":"SearchAction","target":{"@type":"EntryPoint","urlTemplate":"https:\/\/turismo.amandaroque.net\/?s={search_term_string}"},"query-input":{"@type":"PropertyValueSpecification","valueRequired":true,"valueName":"search_term_string"}}],"inLanguage":"es"},{"@type":"Organization","@id":"https:\/\/turismo.amandaroque.net\/#organization","name":"S\u00e3o Br\u00e1s do Regedouro - Turismo na Aldeia","url":"https:\/\/turismo.amandaroque.net\/","logo":{"@type":"ImageObject","inLanguage":"es","@id":"https:\/\/turismo.amandaroque.net\/#\/schema\/logo\/image\/","url":"https:\/\/turismo.amandaroque.net\/wp-content\/uploads\/2023\/06\/cropped-Horizontal_Azul-1.png","contentUrl":"https:\/\/turismo.amandaroque.net\/wp-content\/uploads\/2023\/06\/cropped-Horizontal_Azul-1.png","width":512,"height":512,"caption":"S\u00e3o Br\u00e1s do Regedouro - Turismo na Aldeia"},"image":{"@id":"https:\/\/turismo.amandaroque.net\/#\/schema\/logo\/image\/"},"sameAs":["https:\/\/www.facebook.com\/saobrasdoregedouro","https:\/\/www.instagram.com\/saobrasdoregedouro\/"]}]}},"_links":{"self":[{"href":"https:\/\/turismo.amandaroque.net\/es\/wp-json\/wp\/v2\/pages\/1774","targetHints":{"allow":["GET"]}}],"collection":[{"href":"https:\/\/turismo.amandaroque.net\/es\/wp-json\/wp\/v2\/pages"}],"about":[{"href":"https:\/\/turismo.amandaroque.net\/es\/wp-json\/wp\/v2\/types\/page"}],"author":[{"embeddable":true,"href":"https:\/\/turismo.amandaroque.net\/es\/wp-json\/wp\/v2\/users\/1"}],"replies":[{"embeddable":true,"href":"https:\/\/turismo.amandaroque.net\/es\/wp-json\/wp\/v2\/comments?post=1774"}],"version-history":[{"count":93,"href":"https:\/\/turismo.amandaroque.net\/es\/wp-json\/wp\/v2\/pages\/1774\/revisions"}],"predecessor-version":[{"id":2127,"href":"https:\/\/turismo.amandaroque.net\/es\/wp-json\/wp\/v2\/pages\/1774\/revisions\/2127"}],"wp:featuredmedia":[{"embeddable":true,"href":"https:\/\/turismo.amandaroque.net\/es\/wp-json\/wp\/v2\/media\/511"}],"wp:attachment":[{"href":"https:\/\/turismo.amandaroque.net\/es\/wp-json\/wp\/v2\/media?parent=1774"}],"curies":[{"name":"wp","href":"https:\/\/api.w.org\/{rel}","templated":true}]}}