{"id":1872,"date":"2024-06-18T10:18:49","date_gmt":"2024-06-18T09:18:49","guid":{"rendered":"https:\/\/turismo.amandaroque.net\/?page_id=1872"},"modified":"2025-01-02T13:47:48","modified_gmt":"2025-01-02T13:47:48","slug":"campanhas","status":"publish","type":"page","link":"https:\/\/turismo.amandaroque.net\/es\/campanas\/","title":{"rendered":"Campa\u00f1a"},"content":{"rendered":"<div class=\"row-imagem-inicial row-imagem-inicial__curta\"\r\n     style=\"background-image: var(--image-gradient), url('https:\/\/turismo.amandaroque.net\/wp-content\/uploads\/2023\/12\/blog-room-service-scaled.jpg')\">\r\n    <div class=\"container\">\r\n        <h1>.<\/h1>\r\n        \r\n    <\/div>\r\n\r\n<\/div>\r\n\r\n\n\n\n<h2 class=\"wp-block-heading has-text-align-center\">\u00a1Descubre y Aprovecha las Campa\u00f1as en Vigor!<\/h2>\n\n\n<div class=\"container-lg  row-com-imagens posicao-imagens-direita row-com-imagens__slider_simples is-slider\">\n    <div class=\"row gx-lg-6\">\n        <div class=\"col-lg-12 align-center texto\">\n            <h2>New Year, New Offer<\/h2>\n            <div><p>Comienza 2025 con estilo, rodeado de la tranquilidad y el encanto aut\u00e9ntico de S\u00e3o Br\u00e1s do Regedouro. \u00a1Aprovecha nuestra oferta especial de A\u00f1o Nuevo!<\/p>\n<p>Desconecta del ritmo acelerado, recarga tus energ\u00edas y descubre un refugio donde cada momento se convierte en un recuerdo inolvidable. \u2728<\/p>\n<p><strong>20% de descuento &#8211; M\u00ednimo 2 noches<\/strong><br \/>\n<strong>Estancia: 02\/01 al 27\/02<\/strong><br \/>\n<strong>Reserva: 24\/12 al 27\/02<\/strong><\/p>\n<p>\u00a1Reserva ahora y celebra el inicio de un a\u00f1o m\u00e1s ligero y conectado con lo que realmente importa! \ud83c\udfe1\ud83d\udcab<\/p>\n<\/div>\n                        <a class=\"btn btn-regedouro-laranja align-center mb-5 mb-md-0\" href=\"https:\/\/www.secure-hotel-booking.com\/smart\/Sao-Bras-do-Regedouro-Turismo-de-Aldeia\/JRER\/pt-PT\/\">\n                Ver disponibilidad            <\/a>\n                    <\/div>\n        \t\t\t<div class=\"col-lg-12 align-center imagens imagens-slider imagens-slider-simples\">\n\t\t\t\t<div class=\"carousel--main\">\n                    <img loading=\"lazy\" decoding=\"async\" width=\"832\" height=\"1024\" src=\"https:\/\/turismo.amandaroque.net\/wp-content\/uploads\/2025\/01\/IMG_0367-e1735825374867-832x1024.jpg\" class=\"attachment-large size-large\" alt=\"\" srcset=\"https:\/\/turismo.amandaroque.net\/wp-content\/uploads\/2025\/01\/IMG_0367-e1735825374867-832x1024.jpg 832w, https:\/\/turismo.amandaroque.net\/wp-content\/uploads\/2025\/01\/IMG_0367-e1735825374867-244x300.jpg 244w, https:\/\/turismo.amandaroque.net\/wp-content\/uploads\/2025\/01\/IMG_0367-e1735825374867-480x591.jpg 480w, https:\/\/turismo.amandaroque.net\/wp-content\/uploads\/2025\/01\/IMG_0367-e1735825374867-720x886.jpg 720w, https:\/\/turismo.amandaroque.net\/wp-content\/uploads\/2025\/01\/IMG_0367-e1735825374867-768x945.jpg 768w, https:\/\/turismo.amandaroque.net\/wp-content\/uploads\/2025\/01\/IMG_0367-e1735825374867-1248x1536.jpg 1248w, https:\/\/turismo.amandaroque.net\/wp-content\/uploads\/2025\/01\/IMG_0367-e1735825374867.jpg 1365w\" sizes=\"auto, (max-width: 832px) 100vw, 832px\" \/>\t\t\t\t<\/div>\n\t\t\t<\/div>\n\t\t    <\/div>\n<\/div>\n\n\n<div class=\"container-lg  row-com-imagens posicao-imagens-esquerda row-com-imagens__slider_simples is-slider\">\n    <div class=\"row gx-lg-6\">\n        <div class=\"col-lg-12 align-center texto\">\n            <h2>Hot Deal<\/h2>\n            <div><p>Aprovecha nuestra oferta especial Hot Deal para una experiencia de turismo rural en el Alentejo. Conoce Portugal como nunca antes, sumergi\u00e9ndote en el ritmo tranquilo del slow life. \u00a1Reserva ahora y embarca en un viaje de descanso \u00fanico!<\/p>\n<p>\u00a1<strong>Reserva sin cancelaci\u00f3n<\/strong>\u00a0y obt\u00e9n un <strong>10% de descuento<\/strong>!<br \/>\n*Oferta no acumulable<\/p>\n<p>&nbsp;<\/p>\n<\/div>\n                        <a class=\"btn btn-regedouro-laranja align-center mb-5 mb-md-0\" href=\"https:\/\/www.secure-hotel-booking.com\/smart\/Sao-Bras-do-Regedouro-Turismo-de-Aldeia\/JRER\/pt-PT\/\">\n                Ver disponibilidad            <\/a>\n                    <\/div>\n        \t\t\t<div class=\"col-lg-12 align-center imagens imagens-slider imagens-slider-simples\">\n\t\t\t\t<div class=\"carousel--main\">\n                    <img loading=\"lazy\" decoding=\"async\" width=\"1024\" height=\"660\" src=\"https:\/\/turismo.amandaroque.net\/wp-content\/uploads\/2023\/06\/casa-da-custodia-1024x660.jpg\" class=\"attachment-large size-large\" alt=\"Turismo - casa da cust\u00f3dia - alojamento\" srcset=\"https:\/\/turismo.amandaroque.net\/wp-content\/uploads\/2023\/06\/casa-da-custodia-1024x660.jpg 1024w, https:\/\/turismo.amandaroque.net\/wp-content\/uploads\/2023\/06\/casa-da-custodia-300x193.jpg 300w, https:\/\/turismo.amandaroque.net\/wp-content\/uploads\/2023\/06\/casa-da-custodia-768x495.jpg 768w, https:\/\/turismo.amandaroque.net\/wp-content\/uploads\/2023\/06\/casa-da-custodia-1536x991.jpg 1536w, https:\/\/turismo.amandaroque.net\/wp-content\/uploads\/2023\/06\/casa-da-custodia-2048x1321.jpg 2048w\" sizes=\"auto, (max-width: 1024px) 100vw, 1024px\" \/>\t\t\t\t<\/div>\n\t\t\t<\/div>\n\t\t    <\/div>\n<\/div>\n\n\n<div class=\"container-lg  row-com-imagens posicao-imagens-direita row-com-imagens__slider_simples is-slider\">\n    <div class=\"row gx-lg-6\">\n        <div class=\"col-lg-12 align-center texto\">\n            <h2>Early Bird Discount<\/h2>\n            <div><p>Planea tu escapada al Alentejo con antelaci\u00f3n y descubre las maravillas del turismo rural. Conoce Portugal a tu ritmo, disfrutando de un viaje de descanso perfecto. Vive el slow life con nuestro Early Bird Discount!<\/p>\n<p><strong>\u00a1Haz tu reserva con 60 d\u00edas de antelaci\u00f3n y obt\u00e9n un 5% de Descuento!<\/strong><\/p>\n<p>&nbsp;<\/p>\n<\/div>\n                        <a class=\"btn btn-regedouro-laranja align-center mb-5 mb-md-0\" href=\"https:\/\/www.secure-hotel-booking.com\/smart\/Sao-Bras-do-Regedouro-Turismo-de-Aldeia\/JRER\/pt-PT\/\">\n                Ver disponibilidad            <\/a>\n                    <\/div>\n        \t\t\t<div class=\"col-lg-12 align-center imagens imagens-slider imagens-slider-simples\">\n\t\t\t\t<div class=\"carousel--main\">\n                    <img loading=\"lazy\" decoding=\"async\" width=\"1024\" height=\"737\" src=\"https:\/\/turismo.amandaroque.net\/wp-content\/uploads\/2024\/04\/008-1024x737.jpg\" class=\"attachment-large size-large\" alt=\"\" srcset=\"https:\/\/turismo.amandaroque.net\/wp-content\/uploads\/2024\/04\/008-1024x737.jpg 1024w, https:\/\/turismo.amandaroque.net\/wp-content\/uploads\/2024\/04\/008-300x216.jpg 300w, https:\/\/turismo.amandaroque.net\/wp-content\/uploads\/2024\/04\/008-480x345.jpg 480w, https:\/\/turismo.amandaroque.net\/wp-content\/uploads\/2024\/04\/008-720x518.jpg 720w, https:\/\/turismo.amandaroque.net\/wp-content\/uploads\/2024\/04\/008-1440x1036.jpg 1440w, https:\/\/turismo.amandaroque.net\/wp-content\/uploads\/2024\/04\/008-1920x1381.jpg 1920w, https:\/\/turismo.amandaroque.net\/wp-content\/uploads\/2024\/04\/008.jpg 2048w\" sizes=\"auto, (max-width: 1024px) 100vw, 1024px\" \/>\t\t\t\t<\/div>\n\t\t\t<\/div>\n\t\t    <\/div>\n<\/div>\n\n\n<div class=\"container-lg  row-com-imagens posicao-imagens-esquerda row-com-imagens__slider_simples is-slider\">\n    <div class=\"row gx-lg-6\">\n        <div class=\"col-lg-12 align-center texto\">\n            <h2>4-Night Special<\/h2>\n            <div><div class=\"flex-shrink-0 flex flex-col relative items-end\">\n<div>\n<div class=\"pt-0.5 juice:pt-0\">\n<div class=\"gizmo-bot-avatar flex h-6 w-6 items-center justify-center overflow-hidden rounded-full juice:h-8 juice:w-8\">\n<div class=\"relative p-1 rounded-sm flex items-center justify-center bg-token-main-surface-primary text-token-text-primary h-8 w-8\"><span style=\"font-size: inherit;\">Prolonga tu estancia y sum\u00e9rgete en el turismo rural del Alentejo. Con nuestra 4Night Stay, tendr\u00e1s tiempo de sobra para conocer Portugal de manera aut\u00e9ntica, disfrutando de un viaje de descanso en el coraz\u00f3n del slow life.<\/span><\/div>\n<div><\/div>\n<\/div>\n<\/div>\n<\/div>\n<\/div>\n<div class=\"group\/conversation-turn relative flex w-full min-w-0 flex-col agent-turn\">\n<div class=\"flex-col gap-1 md:gap-3\">\n<div class=\"flex flex-grow flex-col max-w-full\">\n<div class=\"min-h-[20px] text-message flex flex-col items-start whitespace-pre-wrap break-words [.text-message+&amp;]:mt-5 juice:w-full juice:items-end overflow-x-auto gap-2\" dir=\"auto\" data-message-author-role=\"assistant\" data-message-id=\"ab57d2a7-806a-45ab-bdec-ac5d659e4a5a\">\n<div class=\"flex w-full flex-col gap-1 juice:empty:hidden juice:first:pt-[3px]\">\n<div class=\"markdown prose w-full break-words dark:prose-invert light\">\n<p><strong>\u00a1Reserva para 4 noches o m\u00e1s y obt\u00e9n un 8% de Descuento!<\/strong><br \/>\n*Oferta no acumulable<\/p>\n<\/div>\n<\/div>\n<\/div>\n<\/div>\n<\/div>\n<\/div>\n<p>&nbsp;<\/p>\n<\/div>\n                        <a class=\"btn btn-regedouro-laranja align-center mb-5 mb-md-0\" href=\"https:\/\/www.secure-hotel-booking.com\/smart\/Sao-Bras-do-Regedouro-Turismo-de-Aldeia\/JRER\/pt-PT\/\">\n                Ver disponibilidad            <\/a>\n                    <\/div>\n        \t\t\t<div class=\"col-lg-12 align-center imagens imagens-slider imagens-slider-simples\">\n\t\t\t\t<div class=\"carousel--main\">\n                    <img loading=\"lazy\" decoding=\"async\" width=\"1024\" height=\"683\" src=\"https:\/\/turismo.amandaroque.net\/wp-content\/uploads\/2024\/04\/010-6-1024x683.jpg\" class=\"attachment-large size-large\" alt=\"\" srcset=\"https:\/\/turismo.amandaroque.net\/wp-content\/uploads\/2024\/04\/010-6-1024x683.jpg 1024w, https:\/\/turismo.amandaroque.net\/wp-content\/uploads\/2024\/04\/010-6-300x200.jpg 300w, https:\/\/turismo.amandaroque.net\/wp-content\/uploads\/2024\/04\/010-6-480x320.jpg 480w, https:\/\/turismo.amandaroque.net\/wp-content\/uploads\/2024\/04\/010-6-720x480.jpg 720w, https:\/\/turismo.amandaroque.net\/wp-content\/uploads\/2024\/04\/010-6-1440x960.jpg 1440w, https:\/\/turismo.amandaroque.net\/wp-content\/uploads\/2024\/04\/010-6-1920x1280.jpg 1920w, https:\/\/turismo.amandaroque.net\/wp-content\/uploads\/2024\/04\/010-6.jpg 2048w\" sizes=\"auto, (max-width: 1024px) 100vw, 1024px\" \/>\t\t\t\t<\/div>\n\t\t\t<\/div>\n\t\t    <\/div>\n<\/div>\n\n\n<div class=\"container-lg  row-com-imagens posicao-imagens-direita row-com-imagens__slider_simples is-slider\">\n    <div class=\"row gx-lg-6\">\n        <div class=\"col-lg-12 align-center texto\">\n            <h2>Gift Stay Voucher<\/h2>\n            <div><p>Ofrece el regalo de tranquilidad y aventura con una estancia en S\u00e3o Br\u00e1s do Regedouro. Este voucher da derecho a una experiencia inolvidable en el coraz\u00f3n de la naturaleza. \u00a1Perfecto para una escapada rom\u00e1ntica o un retiro pac\u00edfico!<\/p>\n<p>Ponte en contacto y solicita el voucher para regalar a alguien especial.<\/p>\n<p>&nbsp;<\/p>\n<\/div>\n                        <a class=\"btn btn-regedouro-laranja align-center mb-5 mb-md-0\" href=\"http:\/\/wa.me\/351926494291\">\n                Fale Connosco            <\/a>\n                    <\/div>\n        \t\t\t<div class=\"col-lg-12 align-center imagens imagens-slider imagens-slider-simples\">\n\t\t\t\t<div class=\"carousel--main\">\n                    <img loading=\"lazy\" decoding=\"async\" width=\"1024\" height=\"683\" src=\"https:\/\/turismo.amandaroque.net\/wp-content\/uploads\/2024\/04\/027-3-1024x683.jpg\" class=\"attachment-large size-large\" alt=\"\" srcset=\"https:\/\/turismo.amandaroque.net\/wp-content\/uploads\/2024\/04\/027-3-1024x683.jpg 1024w, https:\/\/turismo.amandaroque.net\/wp-content\/uploads\/2024\/04\/027-3-300x200.jpg 300w, https:\/\/turismo.amandaroque.net\/wp-content\/uploads\/2024\/04\/027-3-480x320.jpg 480w, https:\/\/turismo.amandaroque.net\/wp-content\/uploads\/2024\/04\/027-3-720x480.jpg 720w, https:\/\/turismo.amandaroque.net\/wp-content\/uploads\/2024\/04\/027-3-1440x960.jpg 1440w, https:\/\/turismo.amandaroque.net\/wp-content\/uploads\/2024\/04\/027-3-1920x1280.jpg 1920w, https:\/\/turismo.amandaroque.net\/wp-content\/uploads\/2024\/04\/027-3.jpg 2048w\" sizes=\"auto, (max-width: 1024px) 100vw, 1024px\" \/>\t\t\t\t<\/div>\n\t\t\t<\/div>\n\t\t    <\/div>\n<\/div>","protected":false},"excerpt":{"rendered":"<p>\u00a1Descubre y Aprovecha las Campa\u00f1as en Vigor!<\/p>\n","protected":false},"author":1,"featured_media":1676,"parent":0,"menu_order":0,"comment_status":"closed","ping_status":"closed","template":"","meta":{"_acf_changed":false,"_joinchat":[],"footnotes":""},"class_list":["post-1872","page","type-page","status-publish","has-post-thumbnail"],"acf":[],"yoast_head":"<!-- This site is optimized with the Yoast SEO plugin v27.3 - https:\/\/yoast.com\/product\/yoast-seo-wordpress\/ -->\n<title>Campa\u00f1a - S\u00e3o Br\u00e1s do Regedouro<\/title>\n<meta name=\"description\" content=\"Descubra as campanhas em vigo no site S\u00e3o Br\u00e1s do Regedouro e faz j\u00e1 a tua reserva neste recanto rural com experi\u00eancias \u00fanicas.\" \/>\n<meta name=\"robots\" content=\"noindex, follow, max-snippet:-1, max-image-preview:large, max-video-preview:-1\" \/>\n<meta property=\"og:locale\" content=\"es_ES\" \/>\n<meta property=\"og:type\" content=\"article\" \/>\n<meta property=\"og:title\" content=\"[:pt]Campanhas[:en]Campaign[:es]Campa\u00f1a[:] - S\u00e3o Br\u00e1s do Regedouro\" \/>\n<meta property=\"og:description\" content=\"Descubra as campanhas em vigo no site S\u00e3o Br\u00e1s do Regedouro e faz j\u00e1 a tua reserva neste recanto rural com experi\u00eancias \u00fanicas.\" \/>\n<meta property=\"og:url\" content=\"https:\/\/turismo.amandaroque.net\/campanhas\/\" \/>\n<meta property=\"og:site_name\" content=\"S\u00e3o Br\u00e1s do Regedouro\" \/>\n<meta property=\"article:publisher\" content=\"https:\/\/www.facebook.com\/saobrasdoregedouro\" \/>\n<meta property=\"article:modified_time\" content=\"2025-01-02T13:47:48+00:00\" \/>\n<meta property=\"og:image\" content=\"https:\/\/turismo.amandaroque.net\/wp-content\/uploads\/2024\/05\/IMG_7926.jpg\" \/>\n\t<meta property=\"og:image:width\" content=\"2048\" \/>\n\t<meta property=\"og:image:height\" content=\"1365\" \/>\n\t<meta property=\"og:image:type\" content=\"image\/jpeg\" \/>\n<meta name=\"twitter:card\" content=\"summary_large_image\" \/>\n<meta name=\"twitter:label1\" content=\"Tiempo de lectura\" \/>\n\t<meta name=\"twitter:data1\" content=\"1 minuto\" \/>\n<script type=\"application\/ld+json\" class=\"yoast-schema-graph\">{\"@context\":\"https:\\\/\\\/schema.org\",\"@graph\":[{\"@type\":\"WebPage\",\"@id\":\"https:\\\/\\\/turismo.amandaroque.net\\\/campanhas\\\/\",\"url\":\"https:\\\/\\\/turismo.amandaroque.net\\\/campanhas\\\/\",\"name\":\"[:pt]Campanhas[:en]Campaign[:es]Campa\u00f1a[:] - S\u00e3o Br\u00e1s do Regedouro\",\"isPartOf\":{\"@id\":\"https:\\\/\\\/turismo.amandaroque.net\\\/#website\"},\"primaryImageOfPage\":{\"@id\":\"https:\\\/\\\/turismo.amandaroque.net\\\/campanhas\\\/#primaryimage\"},\"image\":{\"@id\":\"https:\\\/\\\/turismo.amandaroque.net\\\/campanhas\\\/#primaryimage\"},\"thumbnailUrl\":\"https:\\\/\\\/turismo.amandaroque.net\\\/wp-content\\\/uploads\\\/2024\\\/05\\\/IMG_7926.jpg\",\"datePublished\":\"2024-06-18T09:18:49+00:00\",\"dateModified\":\"2025-01-02T13:47:48+00:00\",\"description\":\"Descubra as campanhas em vigo no site S\u00e3o Br\u00e1s do Regedouro e faz j\u00e1 a tua reserva neste recanto rural com experi\u00eancias \u00fanicas.\",\"breadcrumb\":{\"@id\":\"https:\\\/\\\/turismo.amandaroque.net\\\/campanhas\\\/#breadcrumb\"},\"inLanguage\":\"es\",\"potentialAction\":[{\"@type\":\"ReadAction\",\"target\":[\"https:\\\/\\\/turismo.amandaroque.net\\\/campanhas\\\/\"]}]},{\"@type\":\"ImageObject\",\"inLanguage\":\"es\",\"@id\":\"https:\\\/\\\/turismo.amandaroque.net\\\/campanhas\\\/#primaryimage\",\"url\":\"https:\\\/\\\/turismo.amandaroque.net\\\/wp-content\\\/uploads\\\/2024\\\/05\\\/IMG_7926.jpg\",\"contentUrl\":\"https:\\\/\\\/turismo.amandaroque.net\\\/wp-content\\\/uploads\\\/2024\\\/05\\\/IMG_7926.jpg\",\"width\":2048,\"height\":1365},{\"@type\":\"BreadcrumbList\",\"@id\":\"https:\\\/\\\/turismo.amandaroque.net\\\/campanhas\\\/#breadcrumb\",\"itemListElement\":[{\"@type\":\"ListItem\",\"position\":1,\"name\":\"Home\",\"item\":\"https:\\\/\\\/turismo.amandaroque.net\\\/\"},{\"@type\":\"ListItem\",\"position\":2,\"name\":\"Campanhas\"}]},{\"@type\":\"WebSite\",\"@id\":\"https:\\\/\\\/turismo.amandaroque.net\\\/#website\",\"url\":\"https:\\\/\\\/turismo.amandaroque.net\\\/\",\"name\":\"S\u00e3o Br\u00e1s do Regedouro - Turismo na Aldeia\",\"description\":\"Turismo na Aldeia\",\"publisher\":{\"@id\":\"https:\\\/\\\/turismo.amandaroque.net\\\/#organization\"},\"potentialAction\":[{\"@type\":\"SearchAction\",\"target\":{\"@type\":\"EntryPoint\",\"urlTemplate\":\"https:\\\/\\\/turismo.amandaroque.net\\\/?s={search_term_string}\"},\"query-input\":{\"@type\":\"PropertyValueSpecification\",\"valueRequired\":true,\"valueName\":\"search_term_string\"}}],\"inLanguage\":\"es\"},{\"@type\":\"Organization\",\"@id\":\"https:\\\/\\\/turismo.amandaroque.net\\\/#organization\",\"name\":\"S\u00e3o Br\u00e1s do Regedouro - Turismo na Aldeia\",\"url\":\"https:\\\/\\\/turismo.amandaroque.net\\\/\",\"logo\":{\"@type\":\"ImageObject\",\"inLanguage\":\"es\",\"@id\":\"https:\\\/\\\/turismo.amandaroque.net\\\/#\\\/schema\\\/logo\\\/image\\\/\",\"url\":\"https:\\\/\\\/turismo.amandaroque.net\\\/wp-content\\\/uploads\\\/2023\\\/06\\\/cropped-Horizontal_Azul-1.png\",\"contentUrl\":\"https:\\\/\\\/turismo.amandaroque.net\\\/wp-content\\\/uploads\\\/2023\\\/06\\\/cropped-Horizontal_Azul-1.png\",\"width\":512,\"height\":512,\"caption\":\"S\u00e3o Br\u00e1s do Regedouro - Turismo na Aldeia\"},\"image\":{\"@id\":\"https:\\\/\\\/turismo.amandaroque.net\\\/#\\\/schema\\\/logo\\\/image\\\/\"},\"sameAs\":[\"https:\\\/\\\/www.facebook.com\\\/saobrasdoregedouro\",\"https:\\\/\\\/www.instagram.com\\\/saobrasdoregedouro\\\/\"]}]}<\/script>\n<!-- \/ Yoast SEO plugin. -->","yoast_head_json":{"title":"[:pt]Campanhas[:en]Campaign[:es]Campa\u00f1a[:] - S\u00e3o Br\u00e1s do Regedouro","description":"Descubra as campanhas em vigo no site S\u00e3o Br\u00e1s do Regedouro e faz j\u00e1 a tua reserva neste recanto rural com experi\u00eancias \u00fanicas.","robots":{"index":"noindex","follow":"follow","max-snippet":"max-snippet:-1","max-image-preview":"max-image-preview:large","max-video-preview":"max-video-preview:-1"},"og_locale":"es_ES","og_type":"article","og_title":"[:pt]Campanhas[:en]Campaign[:es]Campa\u00f1a[:] - S\u00e3o Br\u00e1s do Regedouro","og_description":"Descubra as campanhas em vigo no site S\u00e3o Br\u00e1s do Regedouro e faz j\u00e1 a tua reserva neste recanto rural com experi\u00eancias \u00fanicas.","og_url":"https:\/\/turismo.amandaroque.net\/campanhas\/","og_site_name":"S\u00e3o Br\u00e1s do Regedouro","article_publisher":"https:\/\/www.facebook.com\/saobrasdoregedouro","article_modified_time":"2025-01-02T13:47:48+00:00","og_image":[{"width":2048,"height":1365,"url":"https:\/\/turismo.amandaroque.net\/wp-content\/uploads\/2024\/05\/IMG_7926.jpg","type":"image\/jpeg"}],"twitter_card":"summary_large_image","twitter_misc":{"Tiempo de lectura":"1 minuto"},"schema":{"@context":"https:\/\/schema.org","@graph":[{"@type":"WebPage","@id":"https:\/\/turismo.amandaroque.net\/campanhas\/","url":"https:\/\/turismo.amandaroque.net\/campanhas\/","name":"[:pt]Campanhas[:en]Campaign[:es]Campa\u00f1a[:] - S\u00e3o Br\u00e1s do Regedouro","isPartOf":{"@id":"https:\/\/turismo.amandaroque.net\/#website"},"primaryImageOfPage":{"@id":"https:\/\/turismo.amandaroque.net\/campanhas\/#primaryimage"},"image":{"@id":"https:\/\/turismo.amandaroque.net\/campanhas\/#primaryimage"},"thumbnailUrl":"https:\/\/turismo.amandaroque.net\/wp-content\/uploads\/2024\/05\/IMG_7926.jpg","datePublished":"2024-06-18T09:18:49+00:00","dateModified":"2025-01-02T13:47:48+00:00","description":"Descubra as campanhas em vigo no site S\u00e3o Br\u00e1s do Regedouro e faz j\u00e1 a tua reserva neste recanto rural com experi\u00eancias \u00fanicas.","breadcrumb":{"@id":"https:\/\/turismo.amandaroque.net\/campanhas\/#breadcrumb"},"inLanguage":"es","potentialAction":[{"@type":"ReadAction","target":["https:\/\/turismo.amandaroque.net\/campanhas\/"]}]},{"@type":"ImageObject","inLanguage":"es","@id":"https:\/\/turismo.amandaroque.net\/campanhas\/#primaryimage","url":"https:\/\/turismo.amandaroque.net\/wp-content\/uploads\/2024\/05\/IMG_7926.jpg","contentUrl":"https:\/\/turismo.amandaroque.net\/wp-content\/uploads\/2024\/05\/IMG_7926.jpg","width":2048,"height":1365},{"@type":"BreadcrumbList","@id":"https:\/\/turismo.amandaroque.net\/campanhas\/#breadcrumb","itemListElement":[{"@type":"ListItem","position":1,"name":"Home","item":"https:\/\/turismo.amandaroque.net\/"},{"@type":"ListItem","position":2,"name":"Campanhas"}]},{"@type":"WebSite","@id":"https:\/\/turismo.amandaroque.net\/#website","url":"https:\/\/turismo.amandaroque.net\/","name":"S\u00e3o Br\u00e1s do Regedouro - Turismo na Aldeia","description":"Turismo na Aldeia","publisher":{"@id":"https:\/\/turismo.amandaroque.net\/#organization"},"potentialAction":[{"@type":"SearchAction","target":{"@type":"EntryPoint","urlTemplate":"https:\/\/turismo.amandaroque.net\/?s={search_term_string}"},"query-input":{"@type":"PropertyValueSpecification","valueRequired":true,"valueName":"search_term_string"}}],"inLanguage":"es"},{"@type":"Organization","@id":"https:\/\/turismo.amandaroque.net\/#organization","name":"S\u00e3o Br\u00e1s do Regedouro - Turismo na Aldeia","url":"https:\/\/turismo.amandaroque.net\/","logo":{"@type":"ImageObject","inLanguage":"es","@id":"https:\/\/turismo.amandaroque.net\/#\/schema\/logo\/image\/","url":"https:\/\/turismo.amandaroque.net\/wp-content\/uploads\/2023\/06\/cropped-Horizontal_Azul-1.png","contentUrl":"https:\/\/turismo.amandaroque.net\/wp-content\/uploads\/2023\/06\/cropped-Horizontal_Azul-1.png","width":512,"height":512,"caption":"S\u00e3o Br\u00e1s do Regedouro - Turismo na Aldeia"},"image":{"@id":"https:\/\/turismo.amandaroque.net\/#\/schema\/logo\/image\/"},"sameAs":["https:\/\/www.facebook.com\/saobrasdoregedouro","https:\/\/www.instagram.com\/saobrasdoregedouro\/"]}]}},"_links":{"self":[{"href":"https:\/\/turismo.amandaroque.net\/es\/wp-json\/wp\/v2\/pages\/1872","targetHints":{"allow":["GET"]}}],"collection":[{"href":"https:\/\/turismo.amandaroque.net\/es\/wp-json\/wp\/v2\/pages"}],"about":[{"href":"https:\/\/turismo.amandaroque.net\/es\/wp-json\/wp\/v2\/types\/page"}],"author":[{"embeddable":true,"href":"https:\/\/turismo.amandaroque.net\/es\/wp-json\/wp\/v2\/users\/1"}],"replies":[{"embeddable":true,"href":"https:\/\/turismo.amandaroque.net\/es\/wp-json\/wp\/v2\/comments?post=1872"}],"version-history":[{"count":63,"href":"https:\/\/turismo.amandaroque.net\/es\/wp-json\/wp\/v2\/pages\/1872\/revisions"}],"predecessor-version":[{"id":2175,"href":"https:\/\/turismo.amandaroque.net\/es\/wp-json\/wp\/v2\/pages\/1872\/revisions\/2175"}],"wp:featuredmedia":[{"embeddable":true,"href":"https:\/\/turismo.amandaroque.net\/es\/wp-json\/wp\/v2\/media\/1676"}],"wp:attachment":[{"href":"https:\/\/turismo.amandaroque.net\/es\/wp-json\/wp\/v2\/media?parent=1872"}],"curies":[{"name":"wp","href":"https:\/\/api.w.org\/{rel}","templated":true}]}}